{"id":1891,"date":"2022-11-21T14:28:40","date_gmt":"2022-11-21T13:28:40","guid":{"rendered":"https:\/\/immunservice.com\/ueber-uns\/"},"modified":"2022-11-24T16:32:22","modified_gmt":"2022-11-24T15:32:22","slug":"ueber-uns","status":"publish","type":"page","link":"https:\/\/immunservice.com\/de\/ueber-uns\/","title":{"rendered":"\u00dcber uns"},"content":{"rendered":"<div  class='flex_column av-75jilv-bd41cd6aa7a26c3507220d2bc0fbedfc av_one_full  avia-builder-el-0  avia-builder-el-no-sibling  first flex_column_div  '     ><section  class='av_textblock_section av-6cuuoj-729306046d814f0fb5f7106f0382420f '   itemscope=\"itemscope\" itemtype=\"https:\/\/schema.org\/CreativeWork\" ><div class='avia_textblock'  itemprop=\"text\" ><h2>Bei uns steht Interleukin-2 im Zentrum.<\/h2>\n<\/div><\/section><br \/>\n\n<style type=\"text\/css\" data-created_by=\"avia_inline_auto\" id=\"style-css-av-4rdnxv-248329572343bb5d30ff43ed11a9ba11\">\n.avia-image-container.av-4rdnxv-248329572343bb5d30ff43ed11a9ba11 img.avia_image{\nbox-shadow:none;\n}\n.avia-image-container.av-4rdnxv-248329572343bb5d30ff43ed11a9ba11 .av-image-caption-overlay-center{\ncolor:#ffffff;\n}\n<\/style>\n<div  class='avia-image-container av-4rdnxv-248329572343bb5d30ff43ed11a9ba11 av-styling- avia_animated_image av-animated-when-visible-95 pop-up avia-align-center  avia-builder-el-2  el_after_av_textblock  el_before_av_textblock '   itemprop=\"image\" itemscope=\"itemscope\" itemtype=\"https:\/\/schema.org\/ImageObject\" ><div class=\"avia-image-container-inner\"><div class=\"avia-image-overlay-wrap\"><img decoding=\"async\" class='wp-image- avia-img-lazy-loading-not- avia_image ' src=\"https:\/\/immunservice.com\/wp-content\/uploads\/tm.jpg\" alt='' title=''   itemprop=\"thumbnailUrl\"  \/><\/div><\/div><\/div><br \/>\n<section  class='av_textblock_section av-2cg5wj-ffa65ab7849f9d23439ecf93087e5773 '   itemscope=\"itemscope\" itemtype=\"https:\/\/schema.org\/CreativeWork\" ><div class='avia_textblock'  itemprop=\"text\" ><p style=\"text-align: left;\"><strong>Seit mich vor 30 Jahren das Immunhormon Interleukin-2 in seinen Bann gezogen hat, komme ich aus dem Staunen nicht heraus. Wissenschaftliche Ver\u00f6ffentlichungen von Kollegen lese ich mit Faszination und immenser Neugierde. Unsere eigenen Ergebnisse experimenteller Untersuchungen erwarte ich jedes Mal mit h\u00f6chster Spannung, was ist nur alles m\u00f6glich? <\/strong><\/p>\n<p style=\"text-align: left;\">Stellen Sie sich eine nat\u00fcrliche, vom K\u00f6rper selbst hergestellte Substanz vor, die bei Menschen und Tieren bewirkt, dass die k\u00f6rpereigene Abwehr \u00fcber die Immunzellen, Krebserkrankungen erfolgreich abwehrt, Viruserkrankungen \u00fcberwinden hilft, Allergien stoppt, das Immunsystem verj\u00fcngt, Papillomavirustumoren elimiert, \u00dcbergewicht schmelzen l\u00e4sst, Nikotinsucht verschwinden l\u00e4sst und vieles mehr, was wir derzeit allenfalls ahnen k\u00f6nnen.<\/p>\n<p style=\"text-align: left;\">Ich habe die Immunservice aus der Universit\u00e4t Hamburg heraus gegr\u00fcndet und 2006 mit dem Ziel gestartet, gen\u00fcgend Material dieses Immunhormons in h\u00f6chster Qualit\u00e4t herzustellen, damit wir alle diese faszinierenden Forschungsergebnisse nachvollziehen, erweitern und bereichern k\u00f6nnen.<\/p>\n<p style=\"text-align: left;\">Heute stellt Ihnen Immunservice Interleukin-2 in verschiedenen Varianten genau f\u00fcr Ihren speziellen Bedarf zur Verf\u00fcgung. Sie k\u00f6nnen es f\u00fcr Forschung und Entwicklung direkt hier beziehen oder Sie k\u00f6nnen uns ansprechen, wenn Sie diagnostische oder Arzneimittelentwicklungen mit uns oder allein umsetzen wollen. Wir unterst\u00fctzen Sie gern. Hochaktuell ist Interleukin-2 in GMP Form zur Herstellung von zellul\u00e4ren Arzneimitteln (ATMP). Immunservice ist aufgeschlossen therapeutische L\u00fccken zu schlie\u00dfen und ungenutzte Chancen zu realisieren. In unserem Team sind die Wegbereiter der modernen lokalen Immuntherapie mit Interleukin-2 vertreten. Wir entwickeln aktuell Arzneimittelformen von Interleukin-2 zur Inhalation bei Lungenkrebsmetastasen um Ersticken an solchen Tumoren zu verhindern. Wir tun dies auf der Basis meiner weltweit gr\u00f6\u00dften therapeutischen Erfahrung der Aerosolanwendung an mehreren hundert Patienten, eine Therapie die ich 1990 als erste eingesetzt und seither kontinuierlich optimiert habe. Wir behandeln Papillomavirustumoren und sehen beeindruckende Ergebnisse. Ferner bereiten wir die Anwendung lokaler Instillation bei Harnblasenkarzinom am Patienten vor.<\/p>\n<p style=\"text-align: left;\"><strong>Sie forschen mit Interleukin-2? <\/strong><\/p>\n<p style=\"text-align: left;\">Tauschen Sie gern Ihre Erfahrungen mit uns aus. Sie wollen mit Interleukin-2 forschen? Sprechen Sie uns gern an, wir unterst\u00fctzen Sie wo wir k\u00f6nnen! Immunservice hat ein <a href=\"https:\/\/immunservice.com\/de\/team\/\">kleines hoch spezialisiertes Team<\/a>, das sich auf den Kontakt mit Ihnen freut.<\/p>\n<p style=\"text-align: left;\">Ihre<br \/>\nEdith Huland<\/p>\n<\/div><\/section><\/p><\/div>\n","protected":false},"excerpt":{"rendered":"","protected":false},"author":1,"featured_media":0,"parent":0,"menu_order":0,"comment_status":"closed","ping_status":"closed","template":"","meta":{"footnotes":""},"class_list":["post-1891","page","type-page","status-publish","hentry"],"_links":{"self":[{"href":"https:\/\/immunservice.com\/de\/wp-json\/wp\/v2\/pages\/1891","targetHints":{"allow":["GET"]}}],"collection":[{"href":"https:\/\/immunservice.com\/de\/wp-json\/wp\/v2\/pages"}],"about":[{"href":"https:\/\/immunservice.com\/de\/wp-json\/wp\/v2\/types\/page"}],"author":[{"embeddable":true,"href":"https:\/\/immunservice.com\/de\/wp-json\/wp\/v2\/users\/1"}],"replies":[{"embeddable":true,"href":"https:\/\/immunservice.com\/de\/wp-json\/wp\/v2\/comments?post=1891"}],"version-history":[{"count":4,"href":"https:\/\/immunservice.com\/de\/wp-json\/wp\/v2\/pages\/1891\/revisions"}],"predecessor-version":[{"id":2063,"href":"https:\/\/immunservice.com\/de\/wp-json\/wp\/v2\/pages\/1891\/revisions\/2063"}],"wp:attachment":[{"href":"https:\/\/immunservice.com\/de\/wp-json\/wp\/v2\/media?parent=1891"}],"curies":[{"name":"wp","href":"https:\/\/api.w.org\/{rel}","templated":true}]}}