{"id":1892,"date":"2022-11-21T14:28:40","date_gmt":"2022-11-21T13:28:40","guid":{"rendered":"https:\/\/immunservice.com\/impressum\/"},"modified":"2023-11-30T14:14:59","modified_gmt":"2023-11-30T13:14:59","slug":"impressum","status":"publish","type":"page","link":"https:\/\/immunservice.com\/de\/impressum\/","title":{"rendered":"Impressum"},"content":{"rendered":"<section  class='av_textblock_section av-7zeu10-72c21e47645795e293e81efdc39acd5a '   itemscope=\"itemscope\" itemtype=\"https:\/\/schema.org\/CreativeWork\" ><div class='avia_textblock'  itemprop=\"text\" ><p style=\"text-align: justify;\"><strong>Angaben gem\u00e4\u00df \u00a7 5 TMG:<\/strong><\/p>\n<p>Immunservice GmbH<br \/>\nChristoph-Probst-Weg 4<br \/>\n20251 Hamburg<br \/>\nDeutschland<\/p>\n<p><strong>Vertreten durch:<\/strong><\/p>\n<p>Gesch\u00e4ftsf\u00fchrer Prof. Dr. Dr. Edith Huland<\/p>\n<p><strong>Kontakt<\/strong><br \/>\nTelefon: +49 40 611 35 &#8211; 184<br \/>\nTelefax: +49 40 380 178 572 79<br \/>\nE-Mail: info(at)immunservice(dot)com<br \/>\nInternet: www.immunservice.com<\/p>\n<p><strong>Eintragung im Handelsregister:<\/strong><br \/>\nRegistergericht: Amtsgericht Hamburg<br \/>\nRegisternummer: HRB 89443<\/p>\n<p>Inhaltlich Verantwortlicher gem\u00e4\u00df \u00a7 55 Abs. 2 RStV:<br \/>\nProf. Dr. Dr. Edith Huland<\/p>\n<p><strong>Umsatzsteuer-Identifikationsnummer gem\u00e4\u00df \u00a727 a Umsatzsteuergesetz:<\/strong><br \/>\nDE 232838429<\/p>\n<p><strong>Quellenangaben f\u00fcr die verwendeten Bilder und Grafiken:<\/strong><br \/>\nwww.fotolia.de<br \/>\nwww.depositphotos.com<br \/>\nwww.gettyimages.de<\/p>\n<p><strong>Haftungsausschluss (Disclaimer)<\/strong><\/p>\n<p><strong>Haftung f\u00fcr Inhalte<\/strong><br \/>\nAls Diensteanbieter sind wir gem\u00e4\u00df \u00a7 7 Abs.1 TMG f\u00fcr eigene Inhalte auf diesen Seiten nach den allgemeinen Gesetzen verantwortlich. Nach \u00a7\u00a7 8 bis 10 TMG sind wir als Diensteanbieter jedoch nicht verpflichtet, \u00fcbermittelte oder gespeicherte fremde Informationen zu \u00fcberwachen oder nach Umst\u00e4nden zu forschen, die auf eine rechtswidrige T\u00e4tigkeit hinweisen. Verpflichtungen zur Entfernung oder Sperrung der Nutzung von Informationen nach den allgemeinen Gesetzen bleiben hiervon unber\u00fchrt. Eine diesbez\u00fcgliche Haftung ist jedoch erst ab dem Zeitpunkt der Kenntnis einer konkreten Rechtsverletzung m\u00f6glich. Bei Bekanntwerden von entsprechenden Rechtsverletzungen werden wir diese Inhalte umgehend entfernen.<\/p>\n<p><strong>Haftung f\u00fcr Links<\/strong><br \/>\nUnser Angebot enth\u00e4lt Links zu externen Webseiten Dritter, auf deren Inhalte wir keinen Einfluss haben. Deshalb k\u00f6nnen wir f\u00fcr diese fremden Inhalte auch keine Gew\u00e4hr \u00fcbernehmen. F\u00fcr die Inhalte der verlinkten Seiten ist stets der jeweilige Anbieter oder Betreiber der Seiten verantwortlich. Die verlinkten Seiten wurden zum Zeitpunkt der Verlinkung auf m\u00f6gliche Rechtsverst\u00f6\u00dfe \u00fcberpr\u00fcft. Rechtswidrige Inhalte waren zum Zeitpunkt der Verlinkung nicht erkennbar. Eine permanente inhaltliche Kontrolle der verlinkten Seiten ist jedoch ohne konkrete Anhaltspunkte einer Rechtsverletzung nicht zumutbar. Bei Bekanntwerden von Rechtsverletzungen werden wir derartige Links umgehend entfernen.<\/p>\n<p><strong>Urheberrecht<\/strong><br \/>\nDie durch die Seitenbetreiber erstellten Inhalte und Werke auf diesen Seiten unterliegen dem deutschen Urheberrecht. Die Vervielf\u00e4ltigung, Bearbeitung, Verbreitung und jede Art der Verwertung au\u00dferhalb der Grenzen des Urheberrechtes bed\u00fcrfen der schriftlichen Zustimmung des jeweiligen Autors bzw. Erstellers. Downloads und Kopien dieser Seite sind nur f\u00fcr den privaten, nicht kommerziellen Gebrauch gestattet. Soweit die Inhalte auf dieser Seite nicht vom Betreiber erstellt wurden, werden die Urheberrechte Dritter beachtet. Insbesondere werden Inhalte Dritter als solche gekennzeichnet. Sollten Sie trotzdem auf eine Urheberrechtsverletzung aufmerksam werden, bitten wir um einen entsprechenden Hinweis. Bei Bekanntwerden von Rechtsverletzungen werden wir derartige Inhalte umgehend entfernen.<\/p>\n<p><strong>Datenschutz<\/strong><\/p>\n<p>Unsere Datenschutzerkl\u00e4rung finden Sie <a href=\"https:\/\/immunservice.com\/de\/datenschutzerklaerung\/\">hier<\/a><\/p>\n<\/div><\/section>\n<section  class='av_textblock_section av-5gi5o4-6385238db38481496fcfbdbbd10c7a00 '   itemscope=\"itemscope\" itemtype=\"https:\/\/schema.org\/CreativeWork\" ><div class='avia_textblock'  itemprop=\"text\" ><p><strong>Verwendetes Bildmaterial<\/strong><br \/>\nF\u00fcr die auf dieser Internetseiten verwendeten Bilder wurden entsprechende, nicht \u00fcbertragbare Unterlizenzen erworben. Angaben zum Urheber sind in einem dedizierten Bildnachweis gelistet.<\/p>\n<\/div><\/section>\n<div  class='togglecontainer av-49jy38-6bba58b0179af550cd53c15cdbf09ea5  avia-builder-el-2  el_after_av_textblock  avia-builder-el-last  toggle_close_all' >\n<section class='av_toggle_section av-24c0xg-12ae4976dd9d7c9c12b0f4858558b5cb'  itemscope=\"itemscope\" itemtype=\"https:\/\/schema.org\/CreativeWork\" ><div role=\"tablist\" class=\"single_toggle\" data-tags=\"{Alle} \"  ><p data-fake-id='#toggle-id-1' class='toggler   '  itemprop=\"headline\"  role='tab' tabindex='0' aria-controls='toggle-id-1'>Dedizierte Bildnachweise (Stand:12\/2015)<span class=\"toggle_icon\"><span class=\"vert_icon\"><\/span><span class=\"hor_icon\"><\/span><\/span><\/p><div id='toggle-id-1' class='toggle_wrap  '  ><div class='toggle_content invers-color '  itemprop=\"text\" ><p><div id=\"attachment_4018\" style=\"width: 310px\" class=\"wp-caption alignnone\"><img loading=\"lazy\" decoding=\"async\" aria-describedby=\"caption-attachment-4018\" class=\"size-full wp-image-4018\" src=\"http:\/\/alsterscience.com\/wp-content\/uploads\/3.jpg\" alt=\"\u00a9 Andrew Bret Wallis - Gettyimages.com\" width=\"300\" height=\"198\" \/><p id=\"caption-attachment-4018\" class=\"wp-caption-text\">\u00a9 Andrew Bret Wallis &#8211; Gettyimages.com<\/p><\/div><br \/>\n<div id=\"attachment_4034\" style=\"width: 310px\" class=\"wp-caption alignnone\"><img loading=\"lazy\" decoding=\"async\" aria-describedby=\"caption-attachment-4034\" class=\"size-full wp-image-4034\" src=\"http:\/\/alsterscience.com\/wp-content\/uploads\/12.jpg\" alt=\"\u00a9 Dmytro Panchenko - Fotolia.com\" width=\"300\" height=\"198\" \/><p id=\"caption-attachment-4034\" class=\"wp-caption-text\">\u00a9 Dmytro Panchenko &#8211; Fotolia.com<\/p><\/div><br \/>\n<div id=\"attachment_2915\" style=\"width: 310px\" class=\"wp-caption alignnone\"><img loading=\"lazy\" decoding=\"async\" aria-describedby=\"caption-attachment-2915\" class=\"size-full wp-image-2915\" src=\"https:\/\/immunservice.com\/wp-content\/uploads\/bl.jpg\" alt=\"\u00a9 Marco2811 \u2013 Fotolia.com\" width=\"300\" height=\"198\" \/><p id=\"caption-attachment-2915\" class=\"wp-caption-text\">\u00a9 Marco2811 \u2013 Fotolia.com<\/p><\/div><br \/>\n<div id=\"attachment_2916\" style=\"width: 310px\" class=\"wp-caption alignnone\"><img loading=\"lazy\" decoding=\"async\" aria-describedby=\"caption-attachment-2916\" class=\"size-full wp-image-2916\" src=\"https:\/\/immunservice.com\/wp-content\/uploads\/hand.jpg\" alt=\"\u00a9 Westend61 - Gettyimages.com\" width=\"300\" height=\"198\" \/><p id=\"caption-attachment-2916\" class=\"wp-caption-text\">\u00a9 Westend61 &#8211; Gettyimages.com<\/p><\/div><br \/>\n<div id=\"attachment_2917\" style=\"width: 310px\" class=\"wp-caption alignnone\"><img loading=\"lazy\" decoding=\"async\" aria-describedby=\"caption-attachment-2917\" class=\"size-full wp-image-2917\" src=\"https:\/\/immunservice.com\/wp-content\/uploads\/mask.jpg\" alt=\"\u00a9 Andrey Popov \u2013 Fotolia.com\" width=\"300\" height=\"198\" \/><p id=\"caption-attachment-2917\" class=\"wp-caption-text\">\u00a9 Andrey Popov \u2013 Fotolia.com<\/p><\/div><br \/>\n<div id=\"attachment_3056\" style=\"width: 310px\" class=\"wp-caption alignnone\"><img loading=\"lazy\" decoding=\"async\" aria-describedby=\"caption-attachment-3056\" class=\"size-full wp-image-3056\" src=\"https:\/\/immunservice.com\/wp-content\/uploads\/thik.jpg\" alt=\"\u00a9 Luis Louro \u2013 Fotolia.com\" width=\"300\" height=\"198\" \/><p id=\"caption-attachment-3056\" class=\"wp-caption-text\">\u00a9 Luis Louro \u2013 Fotolia.com<\/p><\/div><br \/>\n<div id=\"attachment_3058\" style=\"width: 310px\" class=\"wp-caption alignnone\"><img loading=\"lazy\" decoding=\"async\" aria-describedby=\"caption-attachment-3058\" class=\"size-full wp-image-3058\" src=\"https:\/\/immunservice.com\/wp-content\/uploads\/cogss.jpg\" alt=\"\u00a9 weseetheworld \u2013 Fotolia.com\" width=\"300\" height=\"198\" \/><p id=\"caption-attachment-3058\" class=\"wp-caption-text\">\u00a9 weseetheworld \u2013 Fotolia.com<\/p><\/div><\/p>\n<\/div><\/div><\/div><\/section>\n<\/div>\n","protected":false},"excerpt":{"rendered":"","protected":false},"author":1,"featured_media":0,"parent":0,"menu_order":0,"comment_status":"closed","ping_status":"closed","template":"","meta":{"footnotes":""},"class_list":["post-1892","page","type-page","status-publish","hentry"],"_links":{"self":[{"href":"https:\/\/immunservice.com\/de\/wp-json\/wp\/v2\/pages\/1892","targetHints":{"allow":["GET"]}}],"collection":[{"href":"https:\/\/immunservice.com\/de\/wp-json\/wp\/v2\/pages"}],"about":[{"href":"https:\/\/immunservice.com\/de\/wp-json\/wp\/v2\/types\/page"}],"author":[{"embeddable":true,"href":"https:\/\/immunservice.com\/de\/wp-json\/wp\/v2\/users\/1"}],"replies":[{"embeddable":true,"href":"https:\/\/immunservice.com\/de\/wp-json\/wp\/v2\/comments?post=1892"}],"version-history":[{"count":4,"href":"https:\/\/immunservice.com\/de\/wp-json\/wp\/v2\/pages\/1892\/revisions"}],"predecessor-version":[{"id":2435,"href":"https:\/\/immunservice.com\/de\/wp-json\/wp\/v2\/pages\/1892\/revisions\/2435"}],"wp:attachment":[{"href":"https:\/\/immunservice.com\/de\/wp-json\/wp\/v2\/media?parent=1892"}],"curies":[{"name":"wp","href":"https:\/\/api.w.org\/{rel}","templated":true}]}}