{"id":1897,"date":"2022-11-21T14:28:40","date_gmt":"2022-11-21T13:28:40","guid":{"rendered":"https:\/\/immunservice.com\/agb\/"},"modified":"2025-01-30T11:24:46","modified_gmt":"2025-01-30T10:24:46","slug":"agb","status":"publish","type":"page","link":"https:\/\/immunservice.com\/de\/agb\/","title":{"rendered":"Allgemeine Gesch\u00e4ftsbedingungen (AGB)"},"content":{"rendered":"<h3>\u00a7 1 Geltungsbereich<\/h3>\n<p>(1) Diese Allgemeinen Verkaufsbedingungen (im Folgenden: AGB) gelten f\u00fcr alle \u00fcber unseren Online-Shop geschlossenen Vertr\u00e4ge zwischen uns, der<\/p>\n<p><strong>Immunservice GmbH<br \/>\nChristoph-Probst-Weg 4<br \/>\n20251 Hamburg<br \/>\nDeutschland<\/strong><br \/>\n<strong><br \/>\nVertretungsberechtigte Gesch\u00e4ftsf\u00fchrerin: Prof. Dr. Dr. Edith Huland<br \/>\nRegistergericht: Amtsgericht Hamburg<br \/>\nRegisternummer: HRB 89443<\/strong><\/p>\n<p>Tel.: +49 (0)40 \/ 611 35 184<br \/>\nFax: +49 (0)40 \/ 380 178 572 79<br \/>\nEmail: info@immunservice.com<\/p>\n<p>Umsatzsteuer-Identifikationsnummer gem\u00e4\u00df \u00a7 27 a Umsatzsteuergesetz:<br \/>\nDE 232838429<\/p>\n<p>und Ihnen als unseren Kunden.<\/p>\n<p>(2) Wir schlie\u00dfen Vertr\u00e4ge ausschlie\u00dflich mit Unternehmern im Sinne des \u00a7 13 BGB, insbesondere universit\u00e4ren und privatrechtlichen Forschungseinrichtungen. Ein Vertragsschluss mit Verbrauchern im Sinne des \u00a7 12 BGB ist nicht m\u00f6glich.<\/p>\n<p>(3) Ma\u00dfgebend ist die jeweils bei Abschluss des Vertrags g\u00fcltige Fassung der AGB.<\/p>\n<p>(4) Abweichende Bedingungen des Kunden akzeptieren wir nicht. Dies gilt auch, wenn wir der Einbeziehung nicht ausdr\u00fccklich widersprechen.<\/p>\n<h3>\u00a7 2 Vertragsschluss<\/h3>\n<p>(1) Die Pr\u00e4sentation und Bewerbung von Artikeln in unserem Online-Shop stellt kein bindendes Angebot zum Abschluss eines Kaufvertrags dar.<\/p>\n<p>(2) Mit dem Absenden einer Bestellung \u00fcber den Online-Shop durch Anklicken des Buttons \u201eKaufen\u201cgeben Sie ein Angebot zum Abschluss eines Kaufvertrags ab.<\/p>\n<p>(3) Wir werden den Zugang Ihrer \u00fcber unseren Online-Shop abgegebenen Angebotserkl\u00e4rung unverz\u00fcglich per E-Mail best\u00e4tigen. In einer solchen E-Mail liegt noch keine verbindliche Annahme des Angebots.<\/p>\n<p>(4) Ein Vertrag kommt erst zustande, wenn wir Ihr Angebot innerhalb von 2 Werktagen ab Bestellung durch eine ausdr\u00fcckliche Erkl\u00e4rung annehmen.<\/p>\n<p>(5) Sollte die Lieferung der von Ihnen bestellten Ware nicht m\u00f6glich sein, etwa weil die entsprechende Ware nicht auf Lager ist, sehen wir von einer Annahmeerkl\u00e4rung ab. In diesem Fall kommt ein Vertrag nicht zustande. Wir werden Sie dar\u00fcber unverz\u00fcglich informieren.<\/p>\n<p>(6) Wir weisen darauf hin, dass hinsichtlich der mit uns geschlossenen Vertr\u00e4ge kein Widerrufsrecht besteht.<\/p>\n<h3>\u00a7 3 Lieferbedingungen<\/h3>\n<p>(1) Wir sind zu Teillieferungen berechtigt, soweit dies f\u00fcr Sie zumutbar ist.<\/p>\n<p>(2) Die Lieferfrist betr\u00e4gt f\u00fcnf (5) Werktage, soweit nicht auf der Webseite eine abweichende Lieferzeit genannt wurde. Sie beginnt mit Vertragsschluss. Die Frist f\u00fcr die Lieferung beginnt bei Zahlung per Vorkasse am Tag nach Erteilung des Zahlungsauftrags an das \u00fcberweisende Kreditinstitut und endet mit Ablauf des letzten Tages der Frist.<\/p>\n<p>(3) Wir versenden temperaturunempfindliche Produkte per Standard-Versand. Die Versandlaufzeit betr\u00e4gt hierbei 1-2 Tage. Temperaturempfindliche Ware wird ausschlie\u00dflich per Express mit einer Laufzeit von &lt; 24 Stunden versendet.<\/p>\n<h3>\u00a7 4 Preise und Versandkosten<\/h3>\n<p>(1) S\u00e4mtliche Preisangaben in unserem Online-Shop verstehen sich zuz\u00fcglich anfallender Versandkosten und zzgl. 19% Umsatzsteuer.<\/p>\n<p>(2) Die Immunservice GmbH stellt dem K\u00e4ufer folgende Versandkosten in Rechnung:<\/p>\n<ul>\n<li>Standard-Versandkosten innerhalb Deutschlands: 65 \u20ac<\/li>\n<li>Standard- Versandkosten innerhalb Europas: 90 \u20ac<\/li>\n<\/ul>\n<p>(3) Die Versandkosten sind in unseren Preisangaben in unserem Online-Shop angegeben. Der Preis einschlie\u00dflich Umsatzsteuer und anfallender Versandkosten wird au\u00dferdem in der Bestellmaske angezeigt, bevor Sie die Bestellung absenden.<\/p>\n<h3>\u00a7 5 Zahlungsbedingungen und Aufrechnung und Zur\u00fcckbehaltungsrecht<\/h3>\n<p>(1) Der Kaufpreis ist unmittelbar nach Vertragsschluss im Voraus per Bank\u00fcberweisung zu bezahlen.<\/p>\n<p>(2) Sie sind nicht berechtigt, gegen\u00fcber unseren Forderungen aufzurechnen, es sei denn, Ihre Gegenanspr\u00fcche sind rechtskr\u00e4ftig festgestellt oder unbestritten. Sie sind zur Aufrechnung gegen\u00fcber unseren Forderungen auch berechtigt, wenn Sie M\u00e4ngelr\u00fcgen oder Gegenanspr\u00fcche aus demselben Kaufvertrag geltend machen.<\/p>\n<p>(3) Als K\u00e4ufer d\u00fcrfen Sie ein Zur\u00fcckbehaltungsrecht nur dann aus\u00fcben, wenn Ihr Gegenanspruch aus demselben Kaufvertrag herr\u00fchrt.<\/p>\n<h3>\u00a7 6 Gew\u00e4hrleistung<\/h3>\n<p>(1) Wenn die gelieferte Ware mangelhaft ist, sind Sie im Rahmen der gesetzlichen Gew\u00e4hrleistung berechtigt, Nacherf\u00fcllung in der Form der M\u00e4ngelbeseitigung oder Lieferung einer mangelfreien Sache zu verlangen. Das Wahlrecht \u00fcber die Art der Nacherf\u00fcllung steht uns zu. Bei Fehlschlagen der Nacherf\u00fcllung sind Sie berechtigt, den Kaufpreis zu mindern oder vom Vertrag zur\u00fcckzutreten.<\/p>\n<p>(2) Die Verj\u00e4hrungsfrist von Gew\u00e4hrleistungsanspr\u00fcchen betr\u00e4gt \u2013 au\u00dfer im Fall von Schadensersatzanspr\u00fcchen \u2013 zw\u00f6lf Monate ab Erhalt der Ware.<\/p>\n<h3>\u00a7 7 Haftung<\/h3>\n<p>(1) Wir haften Ihnen gegen\u00fcber in allen F\u00e4llen vertraglicher und au\u00dfervertraglicher Haftung bei Vorsatz und grober Fahrl\u00e4ssigkeit nach Ma\u00dfgabe der gesetzlichen Bestimmungen auf Schadensersatz oder Ersatz vergeblicher Aufwendungen.<\/p>\n<p>(2) In sonstigen F\u00e4llen haften wir \u2013 soweit in Abs. 3 nicht abweichend geregelt \u2013 nur bei Verletzung einer Vertragspflicht, deren Erf\u00fcllung die ordnungsgem\u00e4\u00dfe Durchf\u00fchrung des Vertrags \u00fcberhaupt erst erm\u00f6glicht und auf deren Einhaltung Sie als Kunde regelm\u00e4\u00dfig vertrauen d\u00fcrfen (so genannte Kardinalpflicht), und zwar beschr\u00e4nkt auf den Ersatz des vorhersehbaren und typischen Schadens. In allen \u00fcbrigen F\u00e4llen ist unsere Haftung vorbehaltlich der Regelung in Abs. 3 ausgeschlossen.<\/p>\n<p>(3) Unsere Haftung f\u00fcr Sch\u00e4den aus der Verletzung des Lebens, des K\u00f6rpers oder der Gesundheit und nach dem Produkthaftungsgesetz bleibt von den vorstehenden Haftungsbeschr\u00e4nkungen und \u2013ausschl\u00fcssen unber\u00fchrt.<\/p>\n<h3>\u00a7 8 Urheberrechte<\/h3>\n<p>Wir haben an allen Bildern, Filmen und Texten, die in unserem Online Shop ver\u00f6ffentlicht werden, Urheberrechte. Eine Verwendung der Bilder, Filme und Texte, ist ohne unsere ausdr\u00fcckliche Zustimmung nicht gestattet.<\/p>\n<h3>\u00a7 9 Anwendbares Recht und Gerichtsstand<\/h3>\n<p>(1) Es gilt das Recht der Bundesrepublik Deutschland unter Ausschluss des UN-Kaufrechts.<\/p>\n<p>(2) Ausschlie\u00dflicher Gerichtsstand ist Hamburg.<\/p>\n<p>(3) Sollten einzelne Bestimmungen dieses Vertrages unwirksam sein oder werden, oder sollte ein wesentlicher Punkt nicht geregelt sein, so bleibt die Wirksamkeit der \u00fcbrigen Bestimmungen unber\u00fchrt. Die Parteien verpflichten sich, anstelle der unwirksamen Bestimmung eine Regelung herbeizuf\u00fchren, die dem beabsichtigten Erfolg am n\u00e4chsten kommt und die die Parteien vereinbart h\u00e4tten, wenn sie die Unwirksamkeit der Bestimmung gekannt h\u00e4tten.<\/p>\n<p>(4) Vertr\u00e4ge k\u00f6nnen nur in deutscher Sprache geschlossen werden. Die Vertragstexte werden Ihnen nach Vertragsschluss per Email \u00fcbersandt und von uns gespeichert. Sie werden nur auf Ihren Antrag erneut \u00fcbersandt.<\/p>\n","protected":false},"excerpt":{"rendered":"<p>\u00a7 1 Geltungsbereich (1) Diese Allgemeinen Verkaufsbedingungen (im Folgenden: AGB) gelten f\u00fcr alle \u00fcber unseren Online-Shop geschlossenen Vertr\u00e4ge zwischen uns, der Immunservice GmbH Christoph-Probst-Weg 4 20251 Hamburg Deutschland Vertretungsberechtigte Gesch\u00e4ftsf\u00fchrerin: Prof. Dr. Dr. Edith Huland Registergericht: Amtsgericht Hamburg Registernummer: HRB 89443 Tel.: +49 (0)40 \/ 611 35 184 Fax: +49 (0)40 \/ 380 178 572 [&hellip;]<\/p>\n","protected":false},"author":1,"featured_media":0,"parent":0,"menu_order":0,"comment_status":"closed","ping_status":"closed","template":"","meta":{"footnotes":""},"class_list":["post-1897","page","type-page","status-publish","hentry"],"_links":{"self":[{"href":"https:\/\/immunservice.com\/de\/wp-json\/wp\/v2\/pages\/1897","targetHints":{"allow":["GET"]}}],"collection":[{"href":"https:\/\/immunservice.com\/de\/wp-json\/wp\/v2\/pages"}],"about":[{"href":"https:\/\/immunservice.com\/de\/wp-json\/wp\/v2\/types\/page"}],"author":[{"embeddable":true,"href":"https:\/\/immunservice.com\/de\/wp-json\/wp\/v2\/users\/1"}],"replies":[{"embeddable":true,"href":"https:\/\/immunservice.com\/de\/wp-json\/wp\/v2\/comments?post=1897"}],"version-history":[{"count":3,"href":"https:\/\/immunservice.com\/de\/wp-json\/wp\/v2\/pages\/1897\/revisions"}],"predecessor-version":[{"id":2544,"href":"https:\/\/immunservice.com\/de\/wp-json\/wp\/v2\/pages\/1897\/revisions\/2544"}],"wp:attachment":[{"href":"https:\/\/immunservice.com\/de\/wp-json\/wp\/v2\/media?parent=1897"}],"curies":[{"name":"wp","href":"https:\/\/api.w.org\/{rel}","templated":true}]}}