{"id":1899,"date":"2022-11-21T14:28:40","date_gmt":"2022-11-21T13:28:40","guid":{"rendered":"https:\/\/immunservice.com\/investoren\/"},"modified":"2022-11-21T14:28:40","modified_gmt":"2022-11-21T13:28:40","slug":"investoren","status":"publish","type":"page","link":"https:\/\/immunservice.com\/de\/investoren\/","title":{"rendered":"Investoren"},"content":{"rendered":"<section  class='av_textblock_section av-12ps0xw-ab3d592c3710c4d24c120fa54bd23beb '   itemscope=\"itemscope\" itemtype=\"https:\/\/schema.org\/CreativeWork\" ><div class='avia_textblock'  itemprop=\"text\" ><h3>High-Tech Gr\u00fcnderfonds<\/h3>\n<\/div><\/section>\n<div  class='flex_column av-11rp69w-9f2fd88d6491694956238b1a2267b4c8 av_one_third  avia-builder-el-1  el_after_av_textblock  el_before_av_two_third  first flex_column_div  column-top-margin'     ><style type=\"text\/css\" data-created_by=\"avia_inline_auto\" id=\"style-css-av-zdqlyc-023073153fd91a29b7a8710d593f4172\">\n.avia-image-container.av-zdqlyc-023073153fd91a29b7a8710d593f4172 img.avia_image{\nbox-shadow:none;\n}\n.avia-image-container.av-zdqlyc-023073153fd91a29b7a8710d593f4172 .av-image-caption-overlay-center{\ncolor:#ffffff;\n}\n<\/style>\n<div  class='avia-image-container av-zdqlyc-023073153fd91a29b7a8710d593f4172 av-styling- avia_animated_image av-animated-when-visible-95 pop-up avia-align-center  avia-builder-el-2  avia-builder-el-no-sibling '   itemprop=\"image\" itemscope=\"itemscope\" itemtype=\"https:\/\/schema.org\/ImageObject\" ><div class=\"avia-image-container-inner\"><div class=\"avia-image-overlay-wrap\"><img decoding=\"async\" class='wp-image- avia-img-lazy-loading-not- avia_image ' src=\"https:\/\/immunservice.com\/wp-content\/uploads\/htgf.jpg\" alt='' title=''   itemprop=\"thumbnailUrl\"  \/><\/div><\/div><\/div><\/div>\n<div  class='flex_column av-yfg984-720f501e3da8f82e029d1b3d814d2da1 av_two_third  avia-builder-el-3  el_after_av_one_third  el_before_av_hr  flex_column_div  column-top-margin'     ><section  class='av_textblock_section av-vvchxw-a15cb20a98cbb730a544800614dadd21 '   itemscope=\"itemscope\" itemtype=\"https:\/\/schema.org\/CreativeWork\" ><div class='avia_textblock'  itemprop=\"text\" ><p>Der <a href=\"http:\/\/high-tech-gruenderfonds.de\/de\/\">High-Tech Gr\u00fcnderfonds (HTGF) <\/a>ist seit 2005 ein starker Motor f\u00fcr erfolgreiche High-Tech-Gr\u00fcnder. Mit Know-how, Entrepreneurial-Spirit und Leidenschaft begleitet das erfahrene Team aus Investment-Managern und Startup-Experten die besten Unternehmen auf ihrem Weg von der Gr\u00fcndung bis zum Erfolg. Dabei liegt der Fokus auf Startups mit Growth-Potential aus den Branchen Software, Medien, Internet, Hardware, Energie und Automation, Life Sciences (Medizintechnologie, Diagnostics, Biotechnologie) und Chemie. Mit einem Volumen von 895,5 Mio. Euro verteilt auf drei Fonds (272 Mio Euro Fonds I, 304 Mio. Euro Fonds II, 319,5 Mio. Euro Fonds III) sowie einem internationalen Partner-Netzwerk hat der HTGF bereits mehr als 500 Startups finanziert.<\/p>\n<p>Darunter Erfolgsgeschichten wie <a href=\"https:\/\/high-tech-gruenderfonds.de\/de\/portfolio\/mister-spex\/\">Mister Spex<\/a>, <a href=\"https:\/\/high-tech-gruenderfonds.de\/de\/portfolio\/rigontec\/\">Rigontec<\/a>, <a href=\"https:\/\/high-tech-gruenderfonds.de\/de\/berliner-start-up-6-wunderkinder-erhalt-kapital-vom-high-tech-grunderfonds\/\">6Wunderkinder<\/a>, <a href=\"https:\/\/high-tech-gruenderfonds.de\/de\/portfolio\/next-kraftwerke\/\">die Next Kraftwerke<\/a>, <a href=\"https:\/\/high-tech-gruenderfonds.de\/de\/portfolio\/cumulocity\/\">Cumulocity<\/a> oder der Online-Shop f\u00fcr Kunstfans, <a href=\"https:\/\/high-tech-gruenderfonds.de\/de\/portfolio\/juniqe\/\">Juniqe<\/a>. Mehr als 2 Milliarden Euro Kapital investierten externe Investoren bislang in \u00fcber 1.400 Folgefinanzierungsrunden in das HTGF-Portfolio. Au\u00dferdem hat der Fonds Anteile an mehr als 100 Unternehmen erfolgreich verkauft. Zu den <a href=\"https:\/\/high-tech-gruenderfonds.de\/de\/investoren-htgf-iii\/\">Investoren der Public-Private-Partnership<\/a> z\u00e4hlen das <a href=\"http:\/\/www.bmwi.de\/Navigation\/DE\/Home\/home.html\">Bundesministerium f\u00fcr Wirtschaft und Energie<\/a>, die <a href=\"https:\/\/www.kfw.de\/kfw.de.html\">KfW<\/a>, die <a href=\"https:\/\/www.fraunhoferventure.de\/\">Fraunhofer-Gesellschaft<\/a> sowie die Wirtschaftsunternehmen ALTANA, BASF, Bayer, Boehringer Ingelheim, B.Braun, Robert Bosch, B\u00dcFA, CEWE, Deutsche Post DHL, Dr\u00e4ger, Drillisch AG, EVONIK, EWE AG, FOND OF, Haniel, Hettich, Knauf, K\u00f6rber, LANXESS, media + more venture BeteiligungsGmbH &amp; Co. KG, PHOENIX CONTACT, Postbank, QIAGEN, RWE Generation SE, SAP, Schufa, Schwarz Gruppe, STIHL, Th\u00fcga, Vector Informatik, WACKER, Wilh. Werhahn KG.<\/p>\n<p>Mehr: <a href=\"http:\/\/www.high-tech-gruenderfonds.de\">www.high-tech-gruenderfonds.de<\/a><\/p>\n<\/div><\/section><\/div>\n<div  class='hr av-u15qmc-2d77702eece736c52792190e9507d064 hr-default  avia-builder-el-5  el_after_av_two_third  el_before_av_textblock '><span class='hr-inner '><span class=\"hr-inner-style\"><\/span><\/span><\/div>\n<section  class='av_textblock_section av-ter74k-dde3f2a48581c49fe452dc687a60fc3c '   itemscope=\"itemscope\" itemtype=\"https:\/\/schema.org\/CreativeWork\" ><div class='avia_textblock'  itemprop=\"text\" ><h3>Helmut Ponath<\/h3>\n<\/div><\/section>\n<div  class='flex_column av-2snllg-c785a32dee7237b3dbe10f0b4de2c438 av_one_third  avia-builder-el-7  el_after_av_textblock  el_before_av_two_third  first flex_column_div  column-top-margin'     ><style type=\"text\/css\" data-created_by=\"avia_inline_auto\" id=\"style-css-av-q6zvz8-49e47a9ea88bc330b7b7b797260d4cef\">\n.avia-image-container.av-q6zvz8-49e47a9ea88bc330b7b7b797260d4cef img.avia_image{\nbox-shadow:none;\n}\n.avia-image-container.av-q6zvz8-49e47a9ea88bc330b7b7b797260d4cef .av-image-caption-overlay-center{\ncolor:#ffffff;\n}\n<\/style>\n<div  class='avia-image-container av-q6zvz8-49e47a9ea88bc330b7b7b797260d4cef av-styling- avia_animated_image av-animated-when-visible-95 pop-up avia-align-center  avia-builder-el-8  avia-builder-el-no-sibling '   itemprop=\"image\" itemscope=\"itemscope\" itemtype=\"https:\/\/schema.org\/ImageObject\" ><div class=\"avia-image-container-inner\"><div class=\"avia-image-overlay-wrap\"><img decoding=\"async\" class='wp-image- avia-img-lazy-loading-not- avia_image ' src=\"https:\/\/immunservice.com\/wp-content\/uploads\/pon2.jpg\" alt='' title=''   itemprop=\"thumbnailUrl\"  \/><\/div><\/div><\/div><\/div>\n<div  class='flex_column av-objous-f87e62a8c4a07a12f2b7d48a33ed17df av_two_third  avia-builder-el-9  el_after_av_one_third  el_before_av_hr  flex_column_div  column-top-margin'     ><section  class='av_textblock_section av-2a4dj8-8d9201a3d547b6601bdc9b8b787a2a96 '   itemscope=\"itemscope\" itemtype=\"https:\/\/schema.org\/CreativeWork\" ><div class='avia_textblock'  itemprop=\"text\" ><p style=\"text-align: left;\">Helmut Ponath, CEO und Sprecher der Gesch\u00e4ftsleitung der Reederei NSB, ist ein erfahrener, au\u00dfergew\u00f6hnlich erfolgreicher Business Angel der sich in vielf\u00e4ltigen Gesch\u00e4ftsbereichen mit gro\u00dfem wirtschaftlichem Potential engagiert.<\/p>\n<\/div><\/section><\/div>\n<div  class='hr av-ko8bo4-9720ca7e6b093be494cd42770b5e9920 hr-default  avia-builder-el-11  el_after_av_two_third  el_before_av_textblock '><span class='hr-inner '><span class=\"hr-inner-style\"><\/span><\/span><\/div>\n<section  class='av_textblock_section av-iy5gf8-d6b3067ea02558af4658b91c413b33b1 '   itemscope=\"itemscope\" itemtype=\"https:\/\/schema.org\/CreativeWork\" ><div class='avia_textblock'  itemprop=\"text\" ><h3>Hubertus Wald Stiftung<\/h3>\n<\/div><\/section>\n<div  class='flex_column av-hhqvr8-9706fa8044d9fe8382f9b058ca202c16 av_one_third  avia-builder-el-13  el_after_av_textblock  el_before_av_two_third  first flex_column_div  column-top-margin'     ><style type=\"text\/css\" data-created_by=\"avia_inline_auto\" id=\"style-css-av-frh5lg-cbbe4444eaa485fa1b731da78e187650\">\n.avia-image-container.av-frh5lg-cbbe4444eaa485fa1b731da78e187650 img.avia_image{\nbox-shadow:none;\n}\n.avia-image-container.av-frh5lg-cbbe4444eaa485fa1b731da78e187650 .av-image-caption-overlay-center{\ncolor:#ffffff;\n}\n<\/style>\n<div  class='avia-image-container av-frh5lg-cbbe4444eaa485fa1b731da78e187650 av-styling- avia_animated_image av-animated-when-visible-95 pop-up avia-align-center  avia-builder-el-14  avia-builder-el-no-sibling '   itemprop=\"image\" itemscope=\"itemscope\" itemtype=\"https:\/\/schema.org\/ImageObject\" ><div class=\"avia-image-container-inner\"><div class=\"avia-image-overlay-wrap\"><img decoding=\"async\" class='wp-image- avia-img-lazy-loading-not- avia_image ' src=\"https:\/\/immunservice.com\/wp-content\/uploads\/hubertus.jpg\" alt='' title=''   itemprop=\"thumbnailUrl\"  \/><\/div><\/div><\/div><\/div>\n<div  class='flex_column av-eupggk-8443f02396178fc445a552c2329da4c9 av_two_third  avia-builder-el-15  el_after_av_one_third  el_before_av_hr  flex_column_div  column-top-margin'     ><section  class='av_textblock_section av-c64qf8-b2376859a766c4ba8e4e6faf5cf7d8b0 '   itemscope=\"itemscope\" itemtype=\"https:\/\/schema.org\/CreativeWork\" ><div class='avia_textblock'  itemprop=\"text\" ><p style=\"text-align: left;\">Hubertus Wald und seine Ehefrau Renate geh\u00f6rten zu den gro\u00dfz\u00fcgigsten und bedeutendsten M\u00e4zenen Hamburgs. Die von ihnen errichtete Hubertus Wald Stiftung f\u00f6rdert und finanziert seit vielen Jahren wichtige Aufgaben in den Bereichen medizinische Forschung, Kultur und Soziales, vorwiegend in Hamburg. Durch die Investition in die Immunservice GmbH verbindet die Hubertus Wald Stiftung zentrale Stiftungsaufgaben im Bereich der F\u00f6rderung medizinischer Innovation mit dem langfristigen Ziel der Vermehrung des Stiftungsverm\u00f6gens.<\/p>\n<\/div><\/section><\/div>\n<div  class='hr av-aobkro-68923e6bd0fc227ea841b7464693323c hr-default  avia-builder-el-17  el_after_av_two_third  el_before_av_textblock '><span class='hr-inner '><span class=\"hr-inner-style\"><\/span><\/span><\/div>\n<section  class='av_textblock_section av-94d1mc-900e82e53abf9a95359618cdc6360081 '   itemscope=\"itemscope\" itemtype=\"https:\/\/schema.org\/CreativeWork\" ><div class='avia_textblock'  itemprop=\"text\" ><h3>Prof. Dr. Michael Otto<\/h3>\n<\/div><\/section>\n<div  class='flex_column av-85koqs-532dfc7acab9e889c29cd26cb59ec544 av_one_third  avia-builder-el-19  el_after_av_textblock  el_before_av_two_third  first flex_column_div  column-top-margin'     ><style type=\"text\/css\" data-created_by=\"avia_inline_auto\" id=\"style-css-av-5cu56s-4d218a5255a827bdfd60055815b0545d\">\n.avia-image-container.av-5cu56s-4d218a5255a827bdfd60055815b0545d img.avia_image{\nbox-shadow:none;\n}\n.avia-image-container.av-5cu56s-4d218a5255a827bdfd60055815b0545d .av-image-caption-overlay-center{\ncolor:#ffffff;\n}\n<\/style>\n<div  class='avia-image-container av-5cu56s-4d218a5255a827bdfd60055815b0545d av-styling- avia_animated_image av-animated-when-visible-95 pop-up avia-align-center  avia-builder-el-20  avia-builder-el-no-sibling '   itemprop=\"image\" itemscope=\"itemscope\" itemtype=\"https:\/\/schema.org\/ImageObject\" ><div class=\"avia-image-container-inner\"><div class=\"avia-image-overlay-wrap\"><img decoding=\"async\" class='wp-image- avia-img-lazy-loading-not- avia_image ' src=\"https:\/\/immunservice.com\/wp-content\/uploads\/onew.jpg\" alt='' title=''   itemprop=\"thumbnailUrl\"  \/><\/div><\/div><\/div><\/div>\n<div  class='flex_column av-471at0-b9e4f9f2e77b3b079a93e5afca77b29d av_two_third  avia-builder-el-21  el_after_av_one_third  el_before_av_hr  flex_column_div  column-top-margin'     ><section  class='av_textblock_section av-34gu8k-aeeb45f35059700127bdc2ebde59735b '   itemscope=\"itemscope\" itemtype=\"https:\/\/schema.org\/CreativeWork\" ><div class='avia_textblock'  itemprop=\"text\" ><p style=\"text-align: left;\">Prof. Dr. Michael Otto, Aufsichtsratschef der weltweit agierenden Handels- und Dienstleistungsgruppe Otto Group, ist einer der erfolgreichsten deutschen Unternehmer der Gegenwart. Neben seinem gro\u00dfen Engagement f\u00fcr eine nachhaltige Wirtschaftst\u00e4tigkeit, zeichnet ihn sein gro\u00dfes Augenmerk auf innovative Technologien aus. So ist die Otto Group einer der gr\u00f6\u00dften deutschen Corporate Venture Investoren in Start-ups. Auch als Privatperson beteiligt sich Prof. Dr. Michael Otto an innovativen Unternehmen.<\/p>\n<\/div><\/section><\/div>\n<div  class='hr av-aobkro-68923e6bd0fc227ea841b7464693323c hr-default  avia-builder-el-23  el_after_av_two_third  el_before_av_textblock '><span class='hr-inner '><span class=\"hr-inner-style\"><\/span><\/span><\/div>\n<section  class='av_textblock_section av-94d1mc-900e82e53abf9a95359618cdc6360081 '   itemscope=\"itemscope\" itemtype=\"https:\/\/schema.org\/CreativeWork\" ><div class='avia_textblock'  itemprop=\"text\" ><h3>BPO Capital GmbH &amp; Co. KG<\/h3>\n<\/div><\/section>\n<div  class='flex_column av-hhqvr8-9706fa8044d9fe8382f9b058ca202c16 av_one_third  avia-builder-el-25  el_after_av_textblock  el_before_av_two_third  first flex_column_div  column-top-margin'     ><style type=\"text\/css\" data-created_by=\"avia_inline_auto\" id=\"style-css-av-frh5lg-7720a8511d134cd8d0a753395e5dff7a\">\n.avia-image-container.av-frh5lg-7720a8511d134cd8d0a753395e5dff7a img.avia_image{\nbox-shadow:none;\n}\n.avia-image-container.av-frh5lg-7720a8511d134cd8d0a753395e5dff7a .av-image-caption-overlay-center{\ncolor:#ffffff;\n}\n<\/style>\n<div  class='avia-image-container av-frh5lg-7720a8511d134cd8d0a753395e5dff7a av-styling- avia_animated_image av-animated-when-visible-95 pop-up avia-align-center  avia-builder-el-26  avia-builder-el-no-sibling '   itemprop=\"image\" itemscope=\"itemscope\" itemtype=\"https:\/\/schema.org\/ImageObject\" ><div class=\"avia-image-container-inner\"><div class=\"avia-image-overlay-wrap\"><img decoding=\"async\" class='wp-image- avia-img-lazy-loading-not- avia_image ' src=\"https:\/\/immunservice.com\/wp-content\/uploads\/y4carzpwrbfn8yjrrtvm.png\" alt='' title=''   itemprop=\"thumbnailUrl\"  \/><\/div><\/div><\/div><\/div><div  class='flex_column av-471at0-b9e4f9f2e77b3b079a93e5afca77b29d av_two_third  avia-builder-el-27  el_after_av_one_third  avia-builder-el-last  flex_column_div  column-top-margin'     ><section  class='av_textblock_section av-34gu8k-aeeb45f35059700127bdc2ebde59735b '   itemscope=\"itemscope\" itemtype=\"https:\/\/schema.org\/CreativeWork\" ><div class='avia_textblock'  itemprop=\"text\" ><p style=\"text-align: left;\">Die BPO Capital ist ein Venture Capital-Unternehmen, das 2014 von Benjamin Otto mit dem Ziel gegr\u00fcndet wurde, junge Entrepreneure zu unterst\u00fctzen und an guten Ideen zu partizipieren. Immer mehr r\u00fcckt der ethische Anspruch bei der Auswahl von Beteiligungen in den Vordergrund.<\/p>\n<\/div><\/section><\/div><\/p>\n","protected":false},"excerpt":{"rendered":"","protected":false},"author":1,"featured_media":0,"parent":0,"menu_order":0,"comment_status":"closed","ping_status":"closed","template":"","meta":{"footnotes":""},"class_list":["post-1899","page","type-page","status-publish","hentry"],"_links":{"self":[{"href":"https:\/\/immunservice.com\/de\/wp-json\/wp\/v2\/pages\/1899","targetHints":{"allow":["GET"]}}],"collection":[{"href":"https:\/\/immunservice.com\/de\/wp-json\/wp\/v2\/pages"}],"about":[{"href":"https:\/\/immunservice.com\/de\/wp-json\/wp\/v2\/types\/page"}],"author":[{"embeddable":true,"href":"https:\/\/immunservice.com\/de\/wp-json\/wp\/v2\/users\/1"}],"replies":[{"embeddable":true,"href":"https:\/\/immunservice.com\/de\/wp-json\/wp\/v2\/comments?post=1899"}],"version-history":[{"count":0,"href":"https:\/\/immunservice.com\/de\/wp-json\/wp\/v2\/pages\/1899\/revisions"}],"wp:attachment":[{"href":"https:\/\/immunservice.com\/de\/wp-json\/wp\/v2\/media?parent=1899"}],"curies":[{"name":"wp","href":"https:\/\/api.w.org\/{rel}","templated":true}]}}