{"id":1902,"date":"2022-11-21T14:28:40","date_gmt":"2022-11-21T13:28:40","guid":{"rendered":"https:\/\/immunservice.com\/was-uns-antreibt\/"},"modified":"2022-11-25T15:32:05","modified_gmt":"2022-11-25T14:32:05","slug":"was-uns-antreibt","status":"publish","type":"page","link":"https:\/\/immunservice.com\/de\/was-uns-antreibt\/","title":{"rendered":"Was uns antreibt"},"content":{"rendered":"<div id='hintergrund'  class='avia-section av-av_section-91f5f181b7b519fa5782b2581b32ab0f main_color avia-section-default avia-no-shadow  avia-builder-el-0  el_before_av_section  avia-builder-el-first  avia-bg-style-scroll container_wrap fullsize'  ><div class='container av-section-cont-open' ><main  role=\"main\" itemprop=\"mainContentOfPage\"  class='template-page content  av-content-full alpha units'><div class='post-entry post-entry-type-page post-entry-1902'><div class='entry-content-wrapper clearfix'>\n<\/p>\n<div  class='flex_column av-av_one_full-2a9015ff38129c418a3f2eafba3e9512 av_one_full  avia-builder-el-1  avia-builder-el-no-sibling  first flex_column_div  '     ><section  class='av_textblock_section av-av_textblock-0366cc7376be6c9e82a3e9cc8987b64f '   itemscope=\"itemscope\" itemtype=\"https:\/\/schema.org\/CreativeWork\" ><div class='avia_textblock'  itemprop=\"text\" ><h3>Hintergrund<\/h3>\n<\/div><\/section><br \/>\n<section  class='av_textblock_section av-av_textblock-0366cc7376be6c9e82a3e9cc8987b64f '   itemscope=\"itemscope\" itemtype=\"https:\/\/schema.org\/CreativeWork\" ><div class='avia_textblock'  itemprop=\"text\" ><p style=\"text-align: left;\">Vor etwa 40 Jahren wurde ein Wachstumshormon f\u00fcr Immunzellen entdeckt, das die Immunzellen selbst herstellen. Im Labor in der Zellkultur begannen die Immunzellen, die k\u00f6rpereigenen Polizisten sich stark zu vermehren.<\/p>\n<p style=\"text-align: left;\">Und dieser Faktor konnte noch sehr viel mehr. Initial wurde er T-Zellwachstumsfaktor genannt, jedoch wurden die Immunzellen nicht nur zahlenm\u00e4\u00dfig mehr, sie wurden unter seinem Einfluss zu hocheffektiven Killerzellen gegen Krebs- und Viruszellen. <strong>Der T-Zellwachstumsfaktor wurde umbenannt zu Interleukin-2.<\/strong> Seit 1991 ist eine Arzneimittelvariante auf dem Markt, die mittlerweile f\u00fcr Nierenzellkarzinom, Melanom und AIDS international in verschiedenen L\u00e4ndern zugelassen ist und einmalige Heilungschancen leider mit der Gefahr erheblicher Nebenwirkungen bieten kann.<\/p>\n<p style=\"text-align: left;\">Bis heute sind bei weitem nicht alle Funktionen des Immunhormons entschl\u00fcsselt und die besondere Herausforderung bleibt gut vertr\u00e4gliche effektive Therapieverfahren zu entwickeln, durch die gezielt und intelligent die Immunfunktionen nach Bedarf gesteuert werden. Immunservice stellt sich genau dieser Aufgabe.<\/p>\n<\/div><\/section><\/p><\/div>\n\n<\/div><\/div><\/main><!-- close content main element --><\/div><\/div><div id='philosophie'  class='avia-section av-lawlkrfn-64f19cbed443cf8f8c309bc0e9761b02 main_color avia-section-default avia-no-shadow  avia-builder-el-4  el_after_av_section  el_before_av_section  avia-bg-style-scroll container_wrap fullsize'  ><div class='container av-section-cont-open' ><div class='template-page content  av-content-full alpha units'><div class='post-entry post-entry-type-page post-entry-1902'><div class='entry-content-wrapper clearfix'>\n<\/p>\n<div  class='flex_column av-av_one_full-2a9015ff38129c418a3f2eafba3e9512 av_one_full  avia-builder-el-5  avia-builder-el-no-sibling  first flex_column_div  '     ><section  class='av_textblock_section av-av_textblock-0366cc7376be6c9e82a3e9cc8987b64f '   itemscope=\"itemscope\" itemtype=\"https:\/\/schema.org\/CreativeWork\" ><div class='avia_textblock'  itemprop=\"text\" ><h3>Philosophie<\/h3>\n<\/div><\/section><br \/>\n<section  class='av_textblock_section av-av_textblock-0366cc7376be6c9e82a3e9cc8987b64f '   itemscope=\"itemscope\" itemtype=\"https:\/\/schema.org\/CreativeWork\" ><div class='avia_textblock'  itemprop=\"text\" ><p style=\"text-align: left;\">Interleukin-2 ist ein nat\u00fcrliches Immunhormon und ist die Basis f\u00fcr unsere modernen Arzneimittel, Impfstoffe und Wachstumsfaktoren. Im Mittelpunkt unserer Entwicklungen steht die <strong>immunologische Abwehrkraft<\/strong>.<\/p>\n<p style=\"text-align: left;\">Bei Kontakt mit Interleukin-2 beginnen Immunzellen sich zu vermehren, Krebs- und Viruszellen zu erkennen und u.a. als \u201enat\u00fcrliche Killerzellen\u201c diese sch\u00e4dlichen Zellen zu t\u00f6ten. Man kann das Immunhormon als Therapie geben, man kann die aktivierten Zellen als Arzneimittel verabreichen und man kann Impfstoffe damit verbessern.<\/p>\n<p style=\"text-align: left;\">Wichtig ist es eine gute Vertr\u00e4glichkeit zu sichern, die entscheidend davon abh\u00e4ngt, wie das Arzneimittel gegeben wird. Immunservice hat umfangreiche Erfahrungen zu genau solchen gut vertr\u00e4glicher Anwendungen wie der Inhalation und der Lokalinjektion in Patientenstudien und bei Tiertherapien. Immunhormone helfen, Krebs- und Viruserkrankungen zu heilen, und sie k\u00f6nnen noch weit mehr. Wir lernen von biologischen Mechanismen, wie man das Immunsystem erfolgreich in Therapieverfahren einbindet, die dem Patienten dienen.<\/p>\n<\/div><\/section><\/p><\/div>\n\n<\/div><\/div><\/div><!-- close content main div --><\/div><\/div><div id='strategie'  class='avia-section av-lawlmk5b-849b8bbe8a18fb9ec092b3d61d643941 main_color avia-section-default avia-no-shadow  avia-builder-el-8  el_after_av_section  avia-builder-el-last  avia-bg-style-scroll container_wrap fullsize'  ><div class='container av-section-cont-open' ><div class='template-page content  av-content-full alpha units'><div class='post-entry post-entry-type-page post-entry-1902'><div class='entry-content-wrapper clearfix'>\n<\/p>\n<div  class='flex_column av-av_one_full-2a9015ff38129c418a3f2eafba3e9512 av_one_full  avia-builder-el-9  avia-builder-el-no-sibling  first flex_column_div  '     ><section  class='av_textblock_section av-av_textblock-0366cc7376be6c9e82a3e9cc8987b64f '   itemscope=\"itemscope\" itemtype=\"https:\/\/schema.org\/CreativeWork\" ><div class='avia_textblock'  itemprop=\"text\" ><h3>Strategie<\/h3>\n<\/div><\/section><br \/>\n<section  class='av_textblock_section av-av_textblock-0366cc7376be6c9e82a3e9cc8987b64f '   itemscope=\"itemscope\" itemtype=\"https:\/\/schema.org\/CreativeWork\" ><div class='avia_textblock'  itemprop=\"text\" ><p style=\"text-align: left;\">Immunservice unterst\u00fctzt Ihre Forschung und Entwicklung durch Qualit\u00e4tsprodukte, die gezielt f\u00fcr Spezialanwendungen im Bereich Interleukin-2 geeignet sind. Wir unterst\u00fctzen Sie auch durch Serviceleistungen im Interleukin-2 Bereich, wie z.B. Bioaktivit\u00e4tsmessungen von Interleukin-2 u.a. und beraten Sie gerne.<\/p>\n<p style=\"text-align: left;\">Immunservice entwickelt selbst ein breites Spektrum innovativer Interleukin-2 basierter Medikamente f\u00fcr die Arzneimittelzulassung um neue, insbesondere lokale und gut vertr\u00e4gliche Therapieverfahren den Patienten in Not verf\u00fcgbar zu machen, wie die Inhalationstherapie bei Lungenmetastasen (Orphan Designation der EMA) oder um moderne \u201eVolksseuchen\u201c mit nat\u00fcrlichen Mitteln zu bek\u00e4mpfen wie das massive \u00dcbergewicht durch immunstimulierende Behandlung (Internationale Patente erteilt).<\/p>\n<p style=\"text-align: left;\">Unser Team hat die internationale Topexpertise zur Inhalation bei Lungenmetastasen, zur Instillation bei Blasenkrebs und zur lokalen Injektion bei aggressiven lokalen Virustumoren. Mit dieser Strategie sind wir nah am Ziel, (fast) nebenwirkungslose Therapieverfahren schwerster Erkrankungen f\u00fcr Patienten verf\u00fcgbar zu machen.<\/p>\n<\/div><\/section><\/p><\/div>\n\n","protected":false},"excerpt":{"rendered":"","protected":false},"author":1,"featured_media":0,"parent":0,"menu_order":0,"comment_status":"closed","ping_status":"closed","template":"","meta":{"footnotes":""},"class_list":["post-1902","page","type-page","status-publish","hentry"],"_links":{"self":[{"href":"https:\/\/immunservice.com\/de\/wp-json\/wp\/v2\/pages\/1902","targetHints":{"allow":["GET"]}}],"collection":[{"href":"https:\/\/immunservice.com\/de\/wp-json\/wp\/v2\/pages"}],"about":[{"href":"https:\/\/immunservice.com\/de\/wp-json\/wp\/v2\/types\/page"}],"author":[{"embeddable":true,"href":"https:\/\/immunservice.com\/de\/wp-json\/wp\/v2\/users\/1"}],"replies":[{"embeddable":true,"href":"https:\/\/immunservice.com\/de\/wp-json\/wp\/v2\/comments?post=1902"}],"version-history":[{"count":4,"href":"https:\/\/immunservice.com\/de\/wp-json\/wp\/v2\/pages\/1902\/revisions"}],"predecessor-version":[{"id":2124,"href":"https:\/\/immunservice.com\/de\/wp-json\/wp\/v2\/pages\/1902\/revisions\/2124"}],"wp:attachment":[{"href":"https:\/\/immunservice.com\/de\/wp-json\/wp\/v2\/media?parent=1902"}],"curies":[{"name":"wp","href":"https:\/\/api.w.org\/{rel}","templated":true}]}}