{"id":1903,"date":"2022-11-21T14:28:40","date_gmt":"2022-11-21T13:28:40","guid":{"rendered":"https:\/\/immunservice.com\/bestell-und-versandinformationen\/"},"modified":"2025-01-30T11:25:47","modified_gmt":"2025-01-30T10:25:47","slug":"bestell-und-versandinformationen","status":"publish","type":"page","link":"https:\/\/immunservice.com\/de\/bestell-und-versandinformationen\/","title":{"rendered":"Bestell- und Versandinformationen"},"content":{"rendered":"<section  class='av_textblock_section av-8wxkwh-7a141da3d6a714dff8eeefbdca311499 '   itemscope=\"itemscope\" itemtype=\"https:\/\/schema.org\/CreativeWork\" ><div class='avia_textblock'  itemprop=\"text\" ><h3>Versandinformationen<\/h3>\n<p>Bestellungen werden \u00fcber unseren Webshop, per Telefon, Fax oder E-Mail entgegengenommen.<\/p>\n<p>Webshop: https:\/\/immunservice.com\/shop\/<\/p>\n<p>Telefon: +49 (0)40 \/ 611 35 184<\/p>\n<p>Fax: +49 (0)40 \/ 380 178 572 79<\/p>\n<p>E-Mail: order@immunservice.com<\/p>\n<p>Falls sie Fragen, Probleme oder Anregungen haben, k\u00f6nnen Sie sich gern jederzeit mit uns in Verbindung setzen.<\/p>\n<\/div><\/section>\n<section  class='av_textblock_section av-7kn40x-6e87447fe3e89699744ccb9b72a7d3bb '   itemscope=\"itemscope\" itemtype=\"https:\/\/schema.org\/CreativeWork\" ><div class='avia_textblock'  itemprop=\"text\" ><h3>Zahlungsmethoden<\/h3>\n<p>Sie haben die M\u00f6glichkeit der Zahlung per Vorkasse (Bank\u00fcberweisung). Der Kaufpreis ist unmittelbar nach Vertragsschluss zu bezahlen.<\/p>\n<\/div><\/section>\n<section  class='av_textblock_section av-5xvewh-41793edbf8dc93ea374dd2286b6e4f4b '   itemscope=\"itemscope\" itemtype=\"https:\/\/schema.org\/CreativeWork\" ><div class='avia_textblock'  itemprop=\"text\" ><h3>Preise<\/h3>\n<p>S\u00e4mtliche Preisangaben in unserem Online-Shop verstehen sich zzgl. 19% Umsatzsteuer, zuz\u00fcglich anfallender Versandkosten und ggf. zuz\u00fcglich weiterer Kosten f\u00fcr besondere Aufwendungen.<\/p>\n<p>Der Gesamtpreis einschlie\u00dflich aller anfallenden Kosten wird Ihnen in der Bestellmaske angezeigt, bevor Sie die Bestellung absenden.<\/p>\n<p>Nachdem Ihre Bestellung bei uns eingegangen ist, erhalten Sie umgehend eine Bestell- Best\u00e4tigung. Nach Pr\u00fcfung Ihrer Bestellung durch das Immunservice-Team, erhalten Sie anschlie\u00dfend eine Auftragsbest\u00e4tigung.<\/p>\n<\/div><\/section>\n<section  class='av_textblock_section av-438kvl-61ac04812a7b91c78131262ea8fa1a7d '   itemscope=\"itemscope\" itemtype=\"https:\/\/schema.org\/CreativeWork\" ><div class='avia_textblock'  itemprop=\"text\" ><h3>Versandbedingungen<\/h3>\n<p>Der Versand erfolgt ab Lager Hamburg. Die Lieferfrist betr\u00e4gt f\u00fcnf (5) Werktage und beginnt mit Vertragsschluss.<\/p>\n<p>Wir versenden temperaturunempfindliche Produkte per Standard-Versand. Die Versandlaufzeit betr\u00e4gt hierbei 1-2 Tage. Temperatursensible Ware wird ausschlie\u00dflich per Express mit einer Laufzeit von &lt; 24 Stunden versendet.<\/p>\n<p>Der Standard- sowie der Express-Versand erfolgt von Dienstag \u2013 Donnerstag.<\/p>\n<p>Montags und freitags findet kein Versand statt.<\/p>\n<\/div><\/section>\n<section  class='av_textblock_section av-2rm475-c8edfde2cc4efcaec143861ca166cc02 '   itemscope=\"itemscope\" itemtype=\"https:\/\/schema.org\/CreativeWork\" ><div class='avia_textblock'  itemprop=\"text\" ><h3>Versandkosten<\/h3>\n<p>Die Immunservice GmbH stellt dem K\u00e4ufer folgende Versandkosten in Rechnung:<\/p>\n<p><strong>1) Versandkosten innerhalb Deutschlands<\/strong><\/p>\n<ul>\n<li>Standard Versand innerhalb Deutschlands \u20ac 65<\/li>\n<\/ul>\n<p><strong>2) Versandkosten innerhalb der EU (au\u00dferhalb Deutschlands) <\/strong><\/p>\n<ul>\n<li>Standard-Versandkosten innerhalb der EU: \u20ac 90<\/li>\n<\/ul>\n<p><strong>3) Versandkosten weltweit (au\u00dferhalb der EU) nur nach Absprache m\u00f6glich<\/strong><\/p>\n<p>Bitte beachten Sie immer unsere Hinweise zur Lagerung auf dem Lieferschein und auf unseren Datenbl\u00e4ttern.<\/p>\n<p><strong>Im Falle weiterer Fragen, wenden Sie sich bitte an support@immunservice.com<\/strong><\/p>\n<\/div><\/section>\n","protected":false},"excerpt":{"rendered":"","protected":false},"author":1,"featured_media":0,"parent":0,"menu_order":0,"comment_status":"closed","ping_status":"closed","template":"","meta":{"footnotes":""},"class_list":["post-1903","page","type-page","status-publish","hentry"],"_links":{"self":[{"href":"https:\/\/immunservice.com\/de\/wp-json\/wp\/v2\/pages\/1903","targetHints":{"allow":["GET"]}}],"collection":[{"href":"https:\/\/immunservice.com\/de\/wp-json\/wp\/v2\/pages"}],"about":[{"href":"https:\/\/immunservice.com\/de\/wp-json\/wp\/v2\/types\/page"}],"author":[{"embeddable":true,"href":"https:\/\/immunservice.com\/de\/wp-json\/wp\/v2\/users\/1"}],"replies":[{"embeddable":true,"href":"https:\/\/immunservice.com\/de\/wp-json\/wp\/v2\/comments?post=1903"}],"version-history":[{"count":4,"href":"https:\/\/immunservice.com\/de\/wp-json\/wp\/v2\/pages\/1903\/revisions"}],"predecessor-version":[{"id":2546,"href":"https:\/\/immunservice.com\/de\/wp-json\/wp\/v2\/pages\/1903\/revisions\/2546"}],"wp:attachment":[{"href":"https:\/\/immunservice.com\/de\/wp-json\/wp\/v2\/media?parent=1903"}],"curies":[{"name":"wp","href":"https:\/\/api.w.org\/{rel}","templated":true}]}}