{"id":1920,"date":"2022-11-21T14:53:07","date_gmt":"2022-11-21T13:53:07","guid":{"rendered":"https:\/\/immunservice.com\/product\/i2cult-nach-kundenwunsch\/"},"modified":"2023-11-30T14:02:30","modified_gmt":"2023-11-30T13:02:30","slug":"i2cult-ctll-2-komplettmedium","status":"publish","type":"product","link":"https:\/\/immunservice.com\/de\/produkt\/i2cult-ctll-2-komplettmedium\/","title":{"rendered":"i2Cult nach Kundenwunsch"},"content":{"rendered":"","protected":false},"excerpt":{"rendered":"<div class=\"page\" title=\"Page 1\">\n<div class=\"layoutArea\">\n<div class=\"column\">\n<p><!--<strong><img loading=\"lazy\" decoding=\"async\" class=\"alignnone size-medium wp-image-3823\" src=\"https:\/\/immunservice.com\/wp-content\/uploads\/160928-BBe-i2Cult-Stress-test-Website.jpg\" alt=\"160928-bbe-i2cult-stress-test-website\" width=\"1\" height=\"1\" \/>F\u00fcr die Kultivierung von IL-2-abh\u00e4ngigen Zellen<\/strong>--><br \/>\n<strong>&#8211;<\/strong><strong>Entscheiden Sie selber \u00fcber die IL-2-Konzentration Ihres Mediums*-<\/strong><\/p>\n<p>Immunservice\u2019s i2Cult Komplettmedium nach Kundenwunsch ist ein gebrauchsfertiges Medium, welches ohne weitere Zus\u00e4tze f\u00fcr die Kultivierung von Interleukin-2-abh\u00e4ngigen Zellen verwendet werden kann.<\/p>\n<p>Das Besondere an Immunservice\u2019s Medium nach Kundenwunsch ist, dass Sie \u00fcber die IL-2 Konzentration (IU\/ml) in Ihrem Fertigmedium selber entscheiden k\u00f6nnen*. So erhalten Sie ein gebrauchsfertiges Medium, das optimal auf die IL-2-Bed\u00fcrfnisse Ihrer Zellen ausgerichtet ist.<\/p>\n<p>Dieses optimierte Zellkulturmedium enth\u00e4lt als Interleukin-2 Quelle ein Gemisch von drei Proteinisoformen des humanen IL- 2 (rhIL-2, exprimiert in CHO-S\u00e4ugetierzellen): glykosyliertes Tetrasaccharid sowie glykosyliertes und nicht glykosyliertes Trisaccharid. Diese Zusammensetzung \u00e4hnelt sehr stark dem nat\u00fcrlich vorkommenden IL-2 und ist besonders stabil. i2Cult Komplettmedium nach Kundenwunsch enth\u00e4lt FCS sowie weitere Zus\u00e4tze, die die optimale Proliferation von IL-2- abh\u00e4ngigen Zellen unterst\u00fctzen. Das Medium enth\u00e4lt keine Antibiotika und ist selbstverst\u00e4ndlich frei von Bakterien- und Pilz-Kontaminationen.<\/p>\n<\/div>\n<p>Bitte geben Sie die gew\u00fcnschte IL-2 Konzentration (IU\/ml) w\u00e4hrend des Bestellvorganges in das Kommentarfeld \u201eAnmerkung zur Bestellung\u201c ein.<\/p>\n<p style=\"font-size: 10px;\">* Dieses Angebot gilt f\u00fcr IL-2 Konzentrationen bis 5.000 IU\/ml.<br \/>\nF\u00fcr h\u00f6here IL-2 Konzentrationen setzten Sie sich bitte mit uns unter <a href=\"mailto:support@immunservice.com\">support@immunservice.com<\/a> in Kontakt.<\/p>\n<\/div>\n<\/div>\n<p style=\"text-align: left;\">&#8211;<\/p>\n<p style=\"text-align: left;\">Nur f\u00fcr Forschungszwecke.<br \/>\nBitte beachten Sie auch unsere <a href=\"https:\/\/immunservice.com\/bestell-und-versandinformationen\/\" rel=\"noopener\">Bestell- und Versandinformationen.<\/a><\/p>\n","protected":false},"featured_media":238,"comment_status":"closed","ping_status":"closed","template":"","meta":[],"product_brand":[],"product_cat":[34],"product_tag":[],"class_list":{"0":"post-1920","1":"product","2":"type-product","3":"status-publish","4":"has-post-thumbnail","6":"product_cat-fe-produkte","8":"first","9":"instock","10":"taxable","11":"shipping-taxable","12":"purchasable","13":"product-type-variable"},"_links":{"self":[{"href":"https:\/\/immunservice.com\/de\/wp-json\/wp\/v2\/product\/1920","targetHints":{"allow":["GET"]}}],"collection":[{"href":"https:\/\/immunservice.com\/de\/wp-json\/wp\/v2\/product"}],"about":[{"href":"https:\/\/immunservice.com\/de\/wp-json\/wp\/v2\/types\/product"}],"replies":[{"embeddable":true,"href":"https:\/\/immunservice.com\/de\/wp-json\/wp\/v2\/comments?post=1920"}],"wp:featuredmedia":[{"embeddable":true,"href":"https:\/\/immunservice.com\/de\/wp-json\/wp\/v2\/media\/238"}],"wp:attachment":[{"href":"https:\/\/immunservice.com\/de\/wp-json\/wp\/v2\/media?parent=1920"}],"wp:term":[{"taxonomy":"product_brand","embeddable":true,"href":"https:\/\/immunservice.com\/de\/wp-json\/wp\/v2\/product_brand?post=1920"},{"taxonomy":"product_cat","embeddable":true,"href":"https:\/\/immunservice.com\/de\/wp-json\/wp\/v2\/product_cat?post=1920"},{"taxonomy":"product_tag","embeddable":true,"href":"https:\/\/immunservice.com\/de\/wp-json\/wp\/v2\/product_tag?post=1920"}],"curies":[{"name":"wp","href":"https:\/\/api.w.org\/{rel}","templated":true}]}}