{"id":1922,"date":"2022-11-21T14:53:07","date_gmt":"2022-11-21T13:53:07","guid":{"rendered":"https:\/\/immunservice.com\/product\/wst-1-ctll-2-proliferations-kit-ready-to-use\/"},"modified":"2024-08-07T13:40:31","modified_gmt":"2024-08-07T11:40:31","slug":"wst-1-cell-proliferation-kit-ready-to-use","status":"publish","type":"product","link":"https:\/\/immunservice.com\/de\/produkt\/wst-1-cell-proliferation-kit-ready-to-use\/","title":{"rendered":"WST-1 CTLL-2 Proliferations-Kit (ready-to-use)"},"content":{"rendered":"","protected":false},"excerpt":{"rendered":"<p>Immunservice\u2019s WST-1 CTLL-2 Proliferations-Kit wurde speziell f\u00fcr Anwendungen mit CTLL\u20112 Zellen optimiert. Bei CTLL-2 Zellen handelt es sich um eine zytotoxischen T-Zelllinie, die gut geeignet ist und h\u00e4ufig f\u00fcr die hochsensitive Bestimmung der biologischen Aktivit\u00e4t des Zytokins Interleukin-2 (IL-2), sowie der Zytokine IL-4, IL-12 und IL-18 eingesetzt wird. Die Quantifizierung erfolgt dabei \u00fcber die Bestimmung der Proliferationsst\u00e4rke als Reaktion auf die Zytokinkonzentration. Das WST-1 CTLL-2 Proliferations-Kit erm\u00f6glicht eine einfache, schnelle und pr\u00e4zise Bestimmung dieser Zellproliferation. Die Quantifizierung beruht auf der Spaltung des wasserl\u00f6slichen Tetrazoliumsalzes WST-1 in einen Formazan Farbstoff durch lebende Zellen. Eine proliferative Erh\u00f6hung der Zellzahl f\u00fchrt dabei zur Bildung einer gr\u00f6\u00dferen Menge des Farbstoffes, der durch die Messung der Absorption bei 420 \u2013 480\u00a0nm quantifiziert wird. Die H\u00f6he der Absorption korreliert dabei stark mit der Anzahl der lebenden Zellen im Assay.<\/p>\n<p align=\"justify\">Zusammen mit unserer detaillierten Gebrauchsanweisung finden Sie hier die L\u00f6sung f\u00fcr den Erfolg Ihrer Zellproliferations- und Zellinhibitions-Experimente mit CTLL-2 Zellen.<\/p>\n<p>\u2013<\/p>\n<p>Nur f\u00fcr Forschungszwecke.<br \/>\nBitte beachten Sie auch unsere <a href=\"https:\/\/immunservice.com\/bestell-und-versandinformationen\/\">Bestell- und Versandinformationen<\/a>.<\/p>\n","protected":false},"featured_media":1430,"comment_status":"closed","ping_status":"closed","template":"","meta":[],"product_brand":[],"product_cat":[34],"product_tag":[],"class_list":{"0":"post-1922","1":"product","2":"type-product","3":"status-publish","4":"has-post-thumbnail","6":"product_cat-fe-produkte","8":"first","9":"instock","10":"taxable","11":"shipping-taxable","12":"purchasable","13":"product-type-variable"},"_links":{"self":[{"href":"https:\/\/immunservice.com\/de\/wp-json\/wp\/v2\/product\/1922","targetHints":{"allow":["GET"]}}],"collection":[{"href":"https:\/\/immunservice.com\/de\/wp-json\/wp\/v2\/product"}],"about":[{"href":"https:\/\/immunservice.com\/de\/wp-json\/wp\/v2\/types\/product"}],"replies":[{"embeddable":true,"href":"https:\/\/immunservice.com\/de\/wp-json\/wp\/v2\/comments?post=1922"}],"wp:featuredmedia":[{"embeddable":true,"href":"https:\/\/immunservice.com\/de\/wp-json\/wp\/v2\/media\/1430"}],"wp:attachment":[{"href":"https:\/\/immunservice.com\/de\/wp-json\/wp\/v2\/media?parent=1922"}],"wp:term":[{"taxonomy":"product_brand","embeddable":true,"href":"https:\/\/immunservice.com\/de\/wp-json\/wp\/v2\/product_brand?post=1922"},{"taxonomy":"product_cat","embeddable":true,"href":"https:\/\/immunservice.com\/de\/wp-json\/wp\/v2\/product_cat?post=1922"},{"taxonomy":"product_tag","embeddable":true,"href":"https:\/\/immunservice.com\/de\/wp-json\/wp\/v2\/product_tag?post=1922"}],"curies":[{"name":"wp","href":"https:\/\/api.w.org\/{rel}","templated":true}]}}