{"id":1924,"date":"2022-11-21T14:53:07","date_gmt":"2022-11-21T13:53:07","guid":{"rendered":"https:\/\/immunservice.com\/product\/wst-1-zellproliferations-kit-ready-to-use\/"},"modified":"2023-11-30T13:55:27","modified_gmt":"2023-11-30T12:55:27","slug":"wst-1-cell-proliferation-kit-ready-to-use-2","status":"publish","type":"product","link":"https:\/\/immunservice.com\/de\/produkt\/wst-1-cell-proliferation-kit-ready-to-use-2\/","title":{"rendered":"WST-1 Zellproliferations-Kit (ready-to-use)"},"content":{"rendered":"","protected":false},"excerpt":{"rendered":"<p align=\"justify\">Immunservice\u2019s WST-1 Zellproliferations-Kit erm\u00f6glicht eine einfache, schnelle und pr\u00e4zise Bestimmung der Zellproliferation. Die Quantifizierung beruht auf der Spaltung des wasserl\u00f6slichen Tetrazoliumsalzes WST-1 in einen Formazan Farbstoff durch lebende Zellen. Eine Erh\u00f6hung der Zellzahl f\u00fchrt dabei zur Bildung einer gr\u00f6\u00dferen Menge des Farbstoffes, der durch die Messung der Absorption bei 420 \u2013 480 nm quantifiziert wird. Die H\u00f6he der Absorption korreliert dabei stark mit der Anzahl der lebenden Zellen im Assay.<\/p>\n<p>Zusammen mit unserer detaillierten Gebrauchsanweisung finden Sie hier die L\u00f6sung f\u00fcr den Erfolg Ihrer Zellproliferations- und Zellinhibitions-Experimente.<\/p>\n<p>\u2013<\/p>\n<p>Nur f\u00fcr Forschungszwecke.<br \/>\nBitte beachten Sie auch unsere <a href=\"https:\/\/immunservice.com\/bestell-und-versandinformationen\/\">Bestell- und Versandinformationen<\/a>.<\/p>\n","protected":false},"featured_media":1430,"comment_status":"closed","ping_status":"closed","template":"","meta":[],"product_brand":[],"product_cat":[34],"product_tag":[],"class_list":{"0":"post-1924","1":"product","2":"type-product","3":"status-publish","4":"has-post-thumbnail","6":"product_cat-fe-produkte","8":"first","9":"instock","10":"taxable","11":"shipping-taxable","12":"purchasable","13":"product-type-variable"},"_links":{"self":[{"href":"https:\/\/immunservice.com\/de\/wp-json\/wp\/v2\/product\/1924","targetHints":{"allow":["GET"]}}],"collection":[{"href":"https:\/\/immunservice.com\/de\/wp-json\/wp\/v2\/product"}],"about":[{"href":"https:\/\/immunservice.com\/de\/wp-json\/wp\/v2\/types\/product"}],"replies":[{"embeddable":true,"href":"https:\/\/immunservice.com\/de\/wp-json\/wp\/v2\/comments?post=1924"}],"wp:featuredmedia":[{"embeddable":true,"href":"https:\/\/immunservice.com\/de\/wp-json\/wp\/v2\/media\/1430"}],"wp:attachment":[{"href":"https:\/\/immunservice.com\/de\/wp-json\/wp\/v2\/media?parent=1924"}],"wp:term":[{"taxonomy":"product_brand","embeddable":true,"href":"https:\/\/immunservice.com\/de\/wp-json\/wp\/v2\/product_brand?post=1924"},{"taxonomy":"product_cat","embeddable":true,"href":"https:\/\/immunservice.com\/de\/wp-json\/wp\/v2\/product_cat?post=1924"},{"taxonomy":"product_tag","embeddable":true,"href":"https:\/\/immunservice.com\/de\/wp-json\/wp\/v2\/product_tag?post=1924"}],"curies":[{"name":"wp","href":"https:\/\/api.w.org\/{rel}","templated":true}]}}