{"id":1944,"date":"2022-11-21T14:58:49","date_gmt":"2022-11-21T13:58:49","guid":{"rendered":"https:\/\/immunservice.com\/?post_type=product&#038;p=1944"},"modified":"2023-11-30T14:01:49","modified_gmt":"2023-11-30T13:01:49","slug":"i2cult-il-2-komplettmedium","status":"publish","type":"product","link":"https:\/\/immunservice.com\/de\/produkt\/i2cult-il-2-komplettmedium\/","title":{"rendered":"i2Cult IL-2 Komplettmedium"},"content":{"rendered":"","protected":false},"excerpt":{"rendered":"<p style=\"text-align: left;\"><strong>F\u00fcr die Kultivierung von CTLL-2 und weiteren IL-2 abh\u00e4ngigen Zellen<\/strong><\/p>\n<p>Immunservice\u2019s i2Cult CTLL-2 Komplettmedium ist ein gebrauchsfertiges Medium, welches ohne weitere Zus\u00e4tze f\u00fcr die Kultivierung der Interleukin-2-abh\u00e4ngigen T-Zelllinie CTLL-2 und weiteren Interleukin-2 abh\u00e4ngigen Zellen verwendet werden kann. Dieses optimierte Zellkulturmedium enth\u00e4lt ein Gemisch von drei Proteinisoformen des humanen IL-2: glykosyliertes Tetrasaccharid sowie glykosyliertes und nicht glykosyliertes Trisaccharid. Diese Zusammensetzung \u00e4hnelt sehr stark dem nat\u00fcrlich vorkommenden IL-2 und ist besonders stabil.i2Cult IL-2 Komplettmedium enth\u00e4lt FCS sowie weitere Zus\u00e4tze f\u00fcr eine optimale Proliferation von IL-2 abh\u00e4ngigen Zellen. Zus\u00e4tzlich erm\u00f6glicht das Medium h\u00f6chste Zellviabilit\u00e4t. Das Medium enth\u00e4lt keine Antibiotika und ist selbstverst\u00e4ndlich frei von Bakterien- und Pilz-Kontaminationen.<\/p>\n<p style=\"text-align: left;\">&#8211;<\/p>\n<p style=\"text-align: left;\">Nur f\u00fcr Forschungszwecke.<br \/>\nBitte beachten Sie auch unsere <a href=\"https:\/\/immunservice.com\/bestell-und-versandinformationen\/\" rel=\"noopener\">Bestell- und Versandinformationen.<\/a><\/p>\n","protected":false},"featured_media":1134,"comment_status":"closed","ping_status":"closed","template":"","meta":[],"product_brand":[],"product_cat":[34],"product_tag":[],"class_list":{"0":"post-1944","1":"product","2":"type-product","3":"status-publish","4":"has-post-thumbnail","6":"product_cat-fe-produkte","8":"first","9":"instock","10":"taxable","11":"shipping-taxable","12":"purchasable","13":"product-type-variable"},"_links":{"self":[{"href":"https:\/\/immunservice.com\/de\/wp-json\/wp\/v2\/product\/1944","targetHints":{"allow":["GET"]}}],"collection":[{"href":"https:\/\/immunservice.com\/de\/wp-json\/wp\/v2\/product"}],"about":[{"href":"https:\/\/immunservice.com\/de\/wp-json\/wp\/v2\/types\/product"}],"replies":[{"embeddable":true,"href":"https:\/\/immunservice.com\/de\/wp-json\/wp\/v2\/comments?post=1944"}],"wp:featuredmedia":[{"embeddable":true,"href":"https:\/\/immunservice.com\/de\/wp-json\/wp\/v2\/media\/1134"}],"wp:attachment":[{"href":"https:\/\/immunservice.com\/de\/wp-json\/wp\/v2\/media?parent=1944"}],"wp:term":[{"taxonomy":"product_brand","embeddable":true,"href":"https:\/\/immunservice.com\/de\/wp-json\/wp\/v2\/product_brand?post=1944"},{"taxonomy":"product_cat","embeddable":true,"href":"https:\/\/immunservice.com\/de\/wp-json\/wp\/v2\/product_cat?post=1944"},{"taxonomy":"product_tag","embeddable":true,"href":"https:\/\/immunservice.com\/de\/wp-json\/wp\/v2\/product_tag?post=1944"}],"curies":[{"name":"wp","href":"https:\/\/api.w.org\/{rel}","templated":true}]}}