{"id":1908,"date":"2022-11-21T14:28:40","date_gmt":"2022-11-21T13:28:40","guid":{"rendered":"https:\/\/immunservice.com\/imprint\/"},"modified":"2022-11-21T14:36:10","modified_gmt":"2022-11-21T13:36:10","slug":"imprint","status":"publish","type":"page","link":"https:\/\/immunservice.com\/en\/imprint\/","title":{"rendered":"Imprint"},"content":{"rendered":"<section  class='av_textblock_section av-av_textblock-0366cc7376be6c9e82a3e9cc8987b64f '   itemscope=\"itemscope\" itemtype=\"https:\/\/schema.org\/CreativeWork\" ><div class='avia_textblock'  itemprop=\"text\" ><p style=\"text-align: justify;\"><strong>Information in accordance with \u00a7 5 TMG:<\/strong><\/p>\n<p>Immunservice GmbH<br \/>\nChristoph-Probst-Weg 4<br \/>\n20251 Hamburg<br \/>\nGermany<\/p>\n<p><strong>Represented by:<\/strong><\/p>\n<p>Chief Executive Officer Prof. Dr. Dr. Edith Huland<\/p>\n<p><strong>Contact<\/strong><br \/>\nPhone: +49 40 611 36 \u2013 184<br \/>\nFax: +49 40 380 178 572 79<br \/>\nEmail: info(at)immunservice(dot)com<br \/>\nInternet: www.immunservice.com<\/p>\n<p><strong>Commercial Register:<\/strong><br \/>\nRegistration Court: Hamburg Disrict Court<br \/>\nRegister No.: HRB 89443<\/p>\n<p>Responsible for contents according to \u00a7 55 section 2 RStV (German Broadcasting Treaty)<br \/>\nProf. Dr. Dr. Edith Huland<\/p>\n<p><strong>VAT Identification No. in accordance with \u00a727 a VAT Act:<\/strong><br \/>\nDE 232838429<\/p>\n<p><strong>Sources of images and graphics:<\/strong><br \/>\nwww.fotolia.de<br \/>\nwww.depositphotos.com<br \/>\nwww.gettyimages.de<\/p>\n<p><strong>Disclaimer<\/strong><\/p>\n<p><strong>Liability for Content<\/strong><br \/>\nAs a service provider we are responsible for our own content on these pages in accordance with the prevailing law as per Section 7 Para.1 of the German Teleservices Act (Telemediengesetz, TMG). However, as per Sections 8 to 10 of the TMG, we as a service provider are not obligated to monitor transmitted or stored third party information or to investigate circumstances that might indicate illegal activity. This does not affect the obligation to remove or block the use of information in accordance with the prevailing law. However, any liability is possible only from the date of knowledge of a specific legal infringement. We will remove the respective content immediately as soon as we become aware of such legal infringements.<\/p>\n<p><strong>Liability for Links<\/strong><br \/>\nOur website contains links to external websites of third parties over whose content we have no influence. We therefore cannot accept any liability for this external content. The respective provider or operator of such sites is always responsible for the content of the linked sites. The linked sites were checked for potential statutory violations at the time the link was created.<\/p>\n<p>No illegal content could be identified at the time of linking. A permanent control of the linked pages cannot, however, be reasonably expected without concrete evidence of a violation. If we become aware of any content that violates the law, we will immediately remove the links in question.<\/p>\n<p><strong>Copyright<\/strong><br \/>\nThe contents and works created on this website by the operators of this site are subject to German copyright law. Reproduction, adaptation, dissemination and any kind of utilization beyond that permitted under copyright law require the written consent of the respective author or creator. Downloads and copies of content provided on this website are for private use only and not for commercial use. Insofar as the content on this site was not created by the operator, the copyrights of third parties shall be respected. Third-party content is specifically indicated as such. Should you nonetheless become aware of any copyright infringement, we would ask to be notified of this. As soon as we become aware of such infringements, we will immediately remove the content in question.<\/p>\n<p><strong>Datenschutz<\/strong><br \/>\nDie Nutzung unserer Webseite ist in der Regel ohne Angabe personenbezogener Daten m\u00f6glich. Soweit auf unseren Seiten personenbezogene Daten (beispielsweise Name, Anschrift oder eMail-Adressen) erhoben werden, erfolgt dies, soweit m\u00f6glich, stets auf freiwilliger Basis. Diese Daten werden ohne Ihre ausdr\u00fcckliche Zustimmung nicht an Dritte weitergegeben.<br \/>\nWir weisen darauf hin, dass die Daten\u00fcbertragung im Internet (z.B. bei der Kommunikation per E-Mail) Sicherheitsl\u00fccken aufweisen kann. Ein l\u00fcckenloser Schutz der Daten vor dem Zugriff durch Dritte ist nicht m\u00f6glich.<br \/>\nDer Nutzung von im Rahmen der Impressumspflicht ver\u00f6ffentlichten Kontaktdaten durch Dritte zur \u00dcbersendung von nicht ausdr\u00fccklich angeforderter Werbung und Informationsmaterialien wird hiermit ausdr\u00fccklich widersprochen. Die Betreiber der Seiten behalten sich ausdr\u00fccklich rechtliche Schritte im Falle der unverlangten Zusendung von Werbeinformationen, etwa durch Spam-Mails, vor.<\/p>\n<p><strong>Data Privacy<\/strong><br \/>\nAs a rule you do not need to provide personal information to use our website. If personal data (e.g. name, address or email addresses) are collected on our website, this is done only on a voluntary basis as far as possible. This data will not be passed on to third parties without your express consent.<br \/>\nPlease note that transmitting data over the Internet (e.g. when communicating by email) may be associated with security risks. Full protection of data against access by third parties is not possible.<br \/>\nThe use by third parties of the contact data published as part of this site\u2019s legal notice for sending unsolicited advertising and information materials is hereby expressly prohibited. The operators of the website expressly reserve the right to take legal action against unsolicited sending of advertising materials, for example, through spam emails.<\/p>\n<p><strong>Data Privacy Statement for the Use of Google Analytics<\/strong><br \/>\nThis website uses Google Analytics, a web analysis service provided by Google Inc. (\u201cGoogle\u201d). Google Analytics makes use of so-called \u201ccookies\u201d, or text files, which are stored on your computer and enable an analysis of your use of the website. Information generated by the cookie about your use of this website is usually transferred to and stored on a Google server located in the US. If IP anonymization is activated on this website, Google will abbreviate your IP address in advance within member states of the European Union or other contracting parties to the Agreement of the European Economic Area.<br \/>\nThe complete IP address is only transferred to a Google server in the US and abbreviated there in exceptional cases. On behalf of the owner of this website, Google will use this information to analyze your use of the website, compile reports about website activities and provide the owners of the website with further services relating to website activity and Internet usage. The IP address transmitted from your browser via Google Analytics will not be associated with any other data from Google.<br \/>\nYou can prevent the storage of cookies by selecting the appropriate setting using your browser software. However, please note that this may prevent you from using all of the functions of this website. In addition, you can prevent Google from recording and processing the data related to your use of the website generated by the cookie (including your IP address) by downloading and installing the browser plug-in available at the following link: http:\/\/tools.google.com\/dlpage\/gaoptout?hl=de.<\/p>\n<\/div><\/section>\n<section  class='av_textblock_section av-av_textblock-0366cc7376be6c9e82a3e9cc8987b64f '   itemscope=\"itemscope\" itemtype=\"https:\/\/schema.org\/CreativeWork\" ><div class='avia_textblock'  itemprop=\"text\" ><p><strong>Photo Credits<\/strong><br \/>\nAppropriate non-transferable sublicenses were acquired for the photos used on this Internet site. Details of the creators are listed in a dedicated photo credit.<\/p>\n<\/div><\/section>\n<div  class='togglecontainer av-av_toggle_container-8e0c6e39d39b619a829887bd54fff3ed  avia-builder-el-2  el_after_av_textblock  avia-builder-el-last  toggle_close_all' >\n<section class='av_toggle_section av-av_toggle-cc017d703f8e7c24aa013057b927319d'  itemscope=\"itemscope\" itemtype=\"https:\/\/schema.org\/CreativeWork\" ><div role=\"tablist\" class=\"single_toggle\" data-tags=\"{All} \"  ><p data-fake-id='#toggle-id-1' class='toggler   '  itemprop=\"headline\"  role='tab' tabindex='0' aria-controls='toggle-id-1'>Dedicated photo credit (Last updated: 12\/2015)<span class=\"toggle_icon\"><span class=\"vert_icon\"><\/span><span class=\"hor_icon\"><\/span><\/span><\/p><div id='toggle-id-1' class='toggle_wrap  '  ><div class='toggle_content invers-color '  itemprop=\"text\" ><p><div id=\"attachment_4018\" style=\"width: 310px\" class=\"wp-caption alignnone\"><img loading=\"lazy\" decoding=\"async\" aria-describedby=\"caption-attachment-4018\" class=\"size-full wp-image-4018\" src=\"http:\/\/alsterscience.com\/wp-content\/uploads\/3.jpg\" alt=\"\u00a9 Andrew Bret Wallis - Gettyimages.com\" width=\"300\" height=\"198\" \/><p id=\"caption-attachment-4018\" class=\"wp-caption-text\">\u00a9 Andrew Bret Wallis &#8211; Gettyimages.com<\/p><\/div><br \/>\n<div id=\"attachment_4034\" style=\"width: 310px\" class=\"wp-caption alignnone\"><img loading=\"lazy\" decoding=\"async\" aria-describedby=\"caption-attachment-4034\" class=\"size-full wp-image-4034\" src=\"http:\/\/alsterscience.com\/wp-content\/uploads\/12.jpg\" alt=\"\u00a9 Dmytro Panchenko - Fotolia.com\" width=\"300\" height=\"198\" \/><p id=\"caption-attachment-4034\" class=\"wp-caption-text\">\u00a9 Dmytro Panchenko &#8211; Fotolia.com<\/p><\/div><br \/>\n<div id=\"attachment_2915\" style=\"width: 310px\" class=\"wp-caption alignnone\"><img loading=\"lazy\" decoding=\"async\" aria-describedby=\"caption-attachment-2915\" class=\"size-full wp-image-2915\" src=\"https:\/\/immunservice.com\/wp-content\/uploads\/bl.jpg\" alt=\"\u00a9 Marco2811 \u2013 Fotolia.com\" width=\"300\" height=\"198\" \/><p id=\"caption-attachment-2915\" class=\"wp-caption-text\">\u00a9 Marco2811 \u2013 Fotolia.com<\/p><\/div><br \/>\n<div id=\"attachment_2916\" style=\"width: 310px\" class=\"wp-caption alignnone\"><img loading=\"lazy\" decoding=\"async\" aria-describedby=\"caption-attachment-2916\" class=\"size-full wp-image-2916\" src=\"https:\/\/immunservice.com\/wp-content\/uploads\/hand.jpg\" alt=\"\u00a9 Westend61 - Gettyimages.com\" width=\"300\" height=\"198\" \/><p id=\"caption-attachment-2916\" class=\"wp-caption-text\">\u00a9 Westend61 &#8211; Gettyimages.com<\/p><\/div><br \/>\n<div id=\"attachment_2917\" style=\"width: 310px\" class=\"wp-caption alignnone\"><img loading=\"lazy\" decoding=\"async\" aria-describedby=\"caption-attachment-2917\" class=\"size-full wp-image-2917\" src=\"https:\/\/immunservice.com\/wp-content\/uploads\/mask.jpg\" alt=\"\u00a9 Andrey Popov \u2013 Fotolia.com\" width=\"300\" height=\"198\" \/><p id=\"caption-attachment-2917\" class=\"wp-caption-text\">\u00a9 Andrey Popov \u2013 Fotolia.com<\/p><\/div><br \/>\n<div id=\"attachment_3056\" style=\"width: 310px\" class=\"wp-caption alignnone\"><img loading=\"lazy\" decoding=\"async\" aria-describedby=\"caption-attachment-3056\" class=\"size-full wp-image-3056\" src=\"https:\/\/immunservice.com\/wp-content\/uploads\/thik.jpg\" alt=\"\u00a9 Luis Louro \u2013 Fotolia.com\" width=\"300\" height=\"198\" \/><p id=\"caption-attachment-3056\" class=\"wp-caption-text\">\u00a9 Luis Louro \u2013 Fotolia.com<\/p><\/div><br \/>\n<div id=\"attachment_3058\" style=\"width: 310px\" class=\"wp-caption alignnone\"><img loading=\"lazy\" decoding=\"async\" aria-describedby=\"caption-attachment-3058\" class=\"size-full wp-image-3058\" src=\"https:\/\/immunservice.com\/wp-content\/uploads\/cogss.jpg\" alt=\"\u00a9 weseetheworld \u2013 Fotolia.com\" width=\"300\" height=\"198\" \/><p id=\"caption-attachment-3058\" class=\"wp-caption-text\">\u00a9 weseetheworld \u2013 Fotolia.com<\/p><\/div><\/p>\n<\/div><\/div><\/div><\/section>\n<\/div>\n","protected":false},"excerpt":{"rendered":"","protected":false},"author":1,"featured_media":0,"parent":0,"menu_order":0,"comment_status":"closed","ping_status":"closed","template":"","meta":{"footnotes":""},"class_list":["post-1908","page","type-page","status-publish","hentry"],"_links":{"self":[{"href":"https:\/\/immunservice.com\/en\/wp-json\/wp\/v2\/pages\/1908","targetHints":{"allow":["GET"]}}],"collection":[{"href":"https:\/\/immunservice.com\/en\/wp-json\/wp\/v2\/pages"}],"about":[{"href":"https:\/\/immunservice.com\/en\/wp-json\/wp\/v2\/types\/page"}],"author":[{"embeddable":true,"href":"https:\/\/immunservice.com\/en\/wp-json\/wp\/v2\/users\/1"}],"replies":[{"embeddable":true,"href":"https:\/\/immunservice.com\/en\/wp-json\/wp\/v2\/comments?post=1908"}],"version-history":[{"count":0,"href":"https:\/\/immunservice.com\/en\/wp-json\/wp\/v2\/pages\/1908\/revisions"}],"wp:attachment":[{"href":"https:\/\/immunservice.com\/en\/wp-json\/wp\/v2\/media?parent=1908"}],"curies":[{"name":"wp","href":"https:\/\/api.w.org\/{rel}","templated":true}]}}